{"id":30115,"date":"2025-11-11T18:58:56","date_gmt":"2025-11-11T18:58:56","guid":{"rendered":"https:\/\/grancasala.com\/product\/tequila-reposado-750-ml\/"},"modified":"2025-11-14T16:41:56","modified_gmt":"2025-11-14T16:41:56","slug":"tequila-reposado-750-ml","status":"publish","type":"product","link":"https:\/\/grancasala.com\/es\/producto\/tequila-reposado-750-ml\/","title":{"rendered":"Tequila reposado 750 ml"},"content":{"rendered":"\t\t<div data-elementor-type=\"wp-post\" data-elementor-id=\"30115\" class=\"elementor elementor-30115 elementor-29782\">\n\t\t\t\t<div class=\"wd-negative-gap elementor-element elementor-element-52fa3ef e-flex e-con-boxed e-con e-parent\" data-id=\"52fa3ef\" data-element_type=\"container\" data-e-type=\"container\">\n\t\t\t\t\t<div class=\"e-con-inner\">\n\t\t\t\t<div class=\"elementor-element elementor-element-cf706f9 elementor-widget elementor-widget-wd_tabs\" data-id=\"cf706f9\" data-element_type=\"widget\" data-e-type=\"widget\" data-widget_type=\"wd_tabs.default\">\n\t\t\t\t<div class=\"elementor-widget-container\">\n\t\t\t\t\t\t\t<div class=\"wd-tabs tabs-design-default\">\n\t\t\t<div class=\"wd-tabs-header text-center\">\n\t\t\t\t\n\t\t\t\t\n\t\t\t\t<div class=\"wd-nav-wrapper wd-nav-tabs-wrapper\">\n\t\t\t\t\t<ul class=\"wd-nav wd-nav-tabs wd-icon-pos-left wd-style-underline\">\n\t\t\t\t\t\t\t\t\t\t\t\t\t\n\t\t\t\t\t\t\t<li>\n\t\t\t\t\t\t\t\t<a href=\"#\" class=\"wd-nav-link\">\n\t\t\t\t\t\t\t\t\t\n\t\t\t\t\t\t\t\t\t<span class=\"nav-link-text wd-tabs-title\">\n\t\t\t\t\t\t\t\t\t\tCaracter\u00edsticas\t\t\t\t\t\t\t\t\t<\/span>\n\t\t\t\t\t\t\t\t<\/a>\n\t\t\t\t\t\t\t<\/li>\n\n\t\t\t\t\t\t\t\t\t\t\t\t\t\n\t\t\t\t\t\t\t<li>\n\t\t\t\t\t\t\t\t<a href=\"#\" class=\"wd-nav-link\">\n\t\t\t\t\t\t\t\t\t\n\t\t\t\t\t\t\t\t\t<span class=\"nav-link-text wd-tabs-title\">\n\t\t\t\t\t\t\t\t\t\tCuerpo y color\t\t\t\t\t\t\t\t\t<\/span>\n\t\t\t\t\t\t\t\t<\/a>\n\t\t\t\t\t\t\t<\/li>\n\n\t\t\t\t\t\t\t\t\t\t\t\t\t\n\t\t\t\t\t\t\t<li>\n\t\t\t\t\t\t\t\t<a href=\"#\" class=\"wd-nav-link\">\n\t\t\t\t\t\t\t\t\t\n\t\t\t\t\t\t\t\t\t<span class=\"nav-link-text wd-tabs-title\">\n\t\t\t\t\t\t\t\t\t\tSabor y final\t\t\t\t\t\t\t\t\t<\/span>\n\t\t\t\t\t\t\t\t<\/a>\n\t\t\t\t\t\t\t<\/li>\n\n\t\t\t\t\t\t\t\t\t\t\t\t\t\n\t\t\t\t\t\t\t<li>\n\t\t\t\t\t\t\t\t<a href=\"#\" class=\"wd-nav-link\">\n\t\t\t\t\t\t\t\t\t\n\t\t\t\t\t\t\t\t\t<span class=\"nav-link-text wd-tabs-title\">\n\t\t\t\t\t\t\t\t\t\tAroma\t\t\t\t\t\t\t\t\t<\/span>\n\t\t\t\t\t\t\t\t<\/a>\n\t\t\t\t\t\t\t<\/li>\n\n\t\t\t\t\t\t\t\t\t\t\t\t\t\n\t\t\t\t\t\t\t<li>\n\t\t\t\t\t\t\t\t<a href=\"#\" class=\"wd-nav-link\">\n\t\t\t\t\t\t\t\t\t\n\t\t\t\t\t\t\t\t\t<span class=\"nav-link-text wd-tabs-title\">\n\t\t\t\t\t\t\t\t\t\tEnv\u00edo\t\t\t\t\t\t\t\t\t<\/span>\n\t\t\t\t\t\t\t\t<\/a>\n\t\t\t\t\t\t\t<\/li>\n\n\t\t\t\t\t\t\t\t\t\t\t<\/ul>\n\t\t\t\t<\/div>\n\t\t\t<\/div>\n\n\t\t\t<div class=\"wd-tabs-content-wrapper\">\n\t\t\t\t\t\t\t\t\t\t\t\t\t\t\n\t\t\t\t\t<div class=\"wd-tab-content wd-entry-content\">\n\t\t\t\t\t\t\t\t\t\t\t\t\t<div >\n\t\t\t\t\t\t\t\t<ul><li>100% agave tequilana weber Azul.<\/li><li>Cocido en hornos de ladrillo.<\/li><li>A\u00f1ejado en barricas de roble.<\/li><li>40% alc. Vol <\/li><li>Sin aditivos<\/li><li> <\/li><\/ul>\t\t\t\t\t\t\t<\/div>\n\t\t\t\t\t\t\t\t\t\t\t<\/div>\n\n\t\t\t\t\t\t\t\t\t\t\t\t\t\t\n\t\t\t\t\t<div class=\"wd-tab-content wd-entry-content\">\n\t\t\t\t\t\t\t\t\t\t\t\t\t<div >\n\t\t\t\t\t\t\t\t<p>Brillo dorado y textura sedosa.<\/p>\t\t\t\t\t\t\t<\/div>\n\t\t\t\t\t\t\t\t\t\t\t<\/div>\n\n\t\t\t\t\t\t\t\t\t\t\t\t\t\t\n\t\t\t\t\t<div class=\"wd-tab-content wd-entry-content\">\n\t\t\t\t\t\t\t\t\t\t\t\t\t<div >\n\t\t\t\t\t\t\t\t<div id=\"TPAMultiSection_lqeff2j4\" class=\"TWFxr5 \"><div class=\"TPAMultiSection_lqeff2j4\"><div data-hook=\"tpa-components-provider\"><div data-hook=\"tpa-components-provider\"><div class=\"l7SIaB layout__spotlight isDesktop\" data-hook=\"product-page\" data-layout-name=\"spotlight\"><article><div class=\"FSZf1g\"><div class=\"GquEjR FNbaNh\"><div class=\"RwtkKA QfrfFD cell\"><div dir=\"ltr\"><div class=\"DphLAk\" data-hook=\"tabs-info-section-tpa\"><div class=\"OMdnp2 QfrfFD cell\" dir=\"ltr\" data-hook=\"tabs-info-section-body-tpa\"><div class=\"zp8uy2\" data-hook=\"info-section-description\"><p>Notas de roble con un final suave.<\/p><\/div><\/div><\/div><\/div><\/div><\/div><\/div><\/article><\/div><\/div><\/div><\/div><\/div>\t\t\t\t\t\t\t<\/div>\n\t\t\t\t\t\t\t\t\t\t\t<\/div>\n\n\t\t\t\t\t\t\t\t\t\t\t\t\t\t\n\t\t\t\t\t<div class=\"wd-tab-content wd-entry-content\">\n\t\t\t\t\t\t\t\t\t\t\t\t\t<div >\n\t\t\t\t\t\t\t\t<div id=\"TPAMultiSection_lqeff2j4\" class=\"TWFxr5 \"><div class=\"TPAMultiSection_lqeff2j4\"><div data-hook=\"tpa-components-provider\"><div data-hook=\"tpa-components-provider\"><div class=\"l7SIaB layout__spotlight isDesktop\" data-hook=\"product-page\" data-layout-name=\"spotlight\"><article><div class=\"FSZf1g\"><div class=\"GquEjR FNbaNh\"><div class=\"RwtkKA QfrfFD cell\"><div dir=\"ltr\"><div class=\"DphLAk\" data-hook=\"tabs-info-section-tpa\"><div class=\"OMdnp2 QfrfFD cell\" dir=\"ltr\" data-hook=\"tabs-info-section-body-tpa\"><div class=\"zp8uy2\" data-hook=\"info-section-description\"><p>Aroma a caramelo y frutos secos.<\/p><\/div><\/div><\/div><\/div><\/div><\/div><\/div><\/article><\/div><\/div><\/div><\/div><\/div>\t\t\t\t\t\t\t<\/div>\n\t\t\t\t\t\t\t\t\t\t\t<\/div>\n\n\t\t\t\t\t\t\t\t\t\t\t\t\t\t\n\t\t\t\t\t<div class=\"wd-tab-content wd-entry-content\">\n\t\t\t\t\t\t\t\t\t\t\t\t\t<div >\n\t\t\t\t\t\t\t\t<div id=\"TPAMultiSection_lqeff2j4\" class=\"TWFxr5 \"><div class=\"TPAMultiSection_lqeff2j4\"><div data-hook=\"tpa-components-provider\"><div data-hook=\"tpa-components-provider\"><div class=\"l7SIaB layout__spotlight isDesktop\" data-hook=\"product-page\" data-layout-name=\"spotlight\"><article><div class=\"FSZf1g\"><div class=\"GquEjR FNbaNh\"><div class=\"RwtkKA QfrfFD cell\"><div dir=\"ltr\"><div class=\"DphLAk\" data-hook=\"tabs-info-section-tpa\"><div class=\"OMdnp2 QfrfFD cell\" dir=\"ltr\" data-hook=\"tabs-info-section-body-tpa\"><div class=\"zp8uy2\" data-hook=\"info-section-description\"><ul><li>Env\u00edos a todo M\u00e9xico.<\/li><li>Plazo de entrega de 7 a 10 d\u00edas.<\/li><\/ul><\/div><\/div><\/div><\/div><\/div><\/div><\/div><\/article><\/div><\/div><\/div><\/div><\/div>\t\t\t\t\t\t\t<\/div>\n\t\t\t\t\t\t\t\t\t\t\t<\/div>\n\n\t\t\t\t\t\t\t<\/div>\n\t\t<\/div>\n\t\t\t\t\t\t<\/div>\n\t\t\t\t<\/div>\n\t\t\t\t\t<\/div>\n\t\t\t\t<\/div>\n\t\t\t\t<\/div>\n\t\t","protected":false},"excerpt":{"rendered":"<p>Tequila Gran Casal\u00e1 Reposado es un tequila premium 100% de agave azul, elaborado en una destiler\u00eda semiartesanal. Utilizamos agaves selectos de 6 a 8 a\u00f1os de edad, procedentes de nuestros propios huertos, cocidos lentamente en hornos de mamposter\u00eda tradicionales con vapor suave. A continuaci\u00f3n, el tequila se a\u00f1eja durante 6 meses en barricas de roble americano, lo que crea un color, un aroma y un sabor refinados. Este cuidadoso proceso distingue a Gran Casal\u00e1 Reposado como un producto destacado en su categor\u00eda a nivel nacional e internacional.   <\/p>\n","protected":false},"featured_media":30119,"comment_status":"open","ping_status":"closed","template":"","meta":[],"product_brand":[],"product_cat":[92],"product_tag":[],"class_list":{"0":"post-30115","1":"product","2":"type-product","3":"status-publish","4":"has-post-thumbnail","6":"product_cat-sin-categoria","8":"first","9":"instock","10":"shipping-taxable","11":"purchasable","12":"product-type-simple"},"_links":{"self":[{"href":"https:\/\/grancasala.com\/es\/wp-json\/wp\/v2\/product\/30115","targetHints":{"allow":["GET"]}}],"collection":[{"href":"https:\/\/grancasala.com\/es\/wp-json\/wp\/v2\/product"}],"about":[{"href":"https:\/\/grancasala.com\/es\/wp-json\/wp\/v2\/types\/product"}],"replies":[{"embeddable":true,"href":"https:\/\/grancasala.com\/es\/wp-json\/wp\/v2\/comments?post=30115"}],"version-history":[{"count":3,"href":"https:\/\/grancasala.com\/es\/wp-json\/wp\/v2\/product\/30115\/revisions"}],"predecessor-version":[{"id":30151,"href":"https:\/\/grancasala.com\/es\/wp-json\/wp\/v2\/product\/30115\/revisions\/30151"}],"wp:featuredmedia":[{"embeddable":true,"href":"https:\/\/grancasala.com\/es\/wp-json\/wp\/v2\/media\/30119"}],"wp:attachment":[{"href":"https:\/\/grancasala.com\/es\/wp-json\/wp\/v2\/media?parent=30115"}],"wp:term":[{"taxonomy":"product_brand","embeddable":true,"href":"https:\/\/grancasala.com\/es\/wp-json\/wp\/v2\/product_brand?post=30115"},{"taxonomy":"product_cat","embeddable":true,"href":"https:\/\/grancasala.com\/es\/wp-json\/wp\/v2\/product_cat?post=30115"},{"taxonomy":"product_tag","embeddable":true,"href":"https:\/\/grancasala.com\/es\/wp-json\/wp\/v2\/product_tag?post=30115"}],"curies":[{"name":"wp","href":"https:\/\/api.w.org\/{rel}","templated":true}]}}