{"id":30983,"date":"2026-01-14T10:10:02","date_gmt":"2026-01-14T10:10:02","guid":{"rendered":"https:\/\/grancasala.com\/nuestro-proceso-2\/"},"modified":"2026-03-29T06:58:14","modified_gmt":"2026-03-29T06:58:14","slug":"nuestro-proceso","status":"publish","type":"page","link":"https:\/\/grancasala.com\/es\/nuestro-proceso\/","title":{"rendered":"Nuestro proceso"},"content":{"rendered":"\t\t<div data-elementor-type=\"wp-page\" data-elementor-id=\"30983\" class=\"elementor elementor-30983 elementor-30910\">\n\t\t\t\t<div class=\"elementor-element elementor-element-5442cf0 e-con-full wd-section-stretch e-flex e-con e-parent\" data-id=\"5442cf0\" data-element_type=\"container\" data-settings=\"{&quot;background_background&quot;:&quot;classic&quot;}\">\n\t\t\t\t<div class=\"elementor-element elementor-element-ae84185 elementor-widget elementor-widget-heading\" data-id=\"ae84185\" data-element_type=\"widget\" data-widget_type=\"heading.default\">\n\t\t\t\t\t<h2 class=\"elementor-heading-title elementor-size-default\">Donde la artesan\u00eda se une al tiempo<\/h2>\t\t\t\t<\/div>\n\t\t\t\t<\/div>\n\t\t<div class=\"elementor-element elementor-element-d92cd97 e-con-full wd-section-stretch-content e-flex e-con e-parent\" data-id=\"d92cd97\" data-element_type=\"container\" data-settings=\"{&quot;background_background&quot;:&quot;classic&quot;}\">\n\t\t<div class=\"elementor-element elementor-element-d09b1f2 e-con-full e-flex e-con e-child\" data-id=\"d09b1f2\" data-element_type=\"container\">\n\t\t\t\t<div class=\"elementor-element elementor-element-122ada3 elementor-widget__width-initial elementor-invisible elementor-widget elementor-widget-heading\" data-id=\"122ada3\" data-element_type=\"widget\" data-settings=\"{&quot;_animation&quot;:&quot;wd-anim-right-flip-y&quot;,&quot;_animation_mobile&quot;:&quot;wd-anim-right-flip-y&quot;}\" data-widget_type=\"heading.default\">\n\t\t\t\t\t<h2 class=\"elementor-heading-title elementor-size-default\">Nuestro proceso<\/h2>\t\t\t\t<\/div>\n\t\t\t\t<div class=\"elementor-element elementor-element-3cd573f elementor-widget__width-initial elementor-widget-mobile__width-initial color-scheme-inherit text-left elementor-invisible elementor-widget elementor-widget-text-editor\" data-id=\"3cd573f\" data-element_type=\"widget\" data-settings=\"{&quot;_animation&quot;:&quot;wd-anim-right-flip-y&quot;}\" data-widget_type=\"text-editor.default\">\n\t\t\t\t\t\t\t\t\t<div id=\"comp-m9bqkbwf3\" class=\"comp-m9bqkbwf3 YzqVVZ wixui-column-strip__column\"><div class=\"\" data-mesh-id=\"comp-m9bqkbwf3inlineContent\" data-testid=\"inline-content\"><div data-mesh-id=\"comp-m9bqkbwf3inlineContent-gridContainer\" data-testid=\"mesh-container-content\"><div id=\"comp-m9bqkbwh5\" class=\"Z_l5lU ku3DBC zQ9jDz qvSjx3 Vq6kJx comp-m9bqkbwh5 wixui-rich-text\" data-testid=\"richTextElement\"><p data-start=\"3841\" data-end=\"4049\">Cada expresi\u00f3n de Gran Casal\u00e1 comienza con paciencia y prop\u00f3sito.<br data-start=\"3906\" data-end=\"3909\" \/>Desde el agave hasta la botella, cada paso sigue m\u00e9todos consagrados refinados a lo largo de generaciones, lo que garantiza pureza, equilibrio y un car\u00e1cter excepcional.<\/p><\/div><\/div><\/div><\/div>\t\t\t\t\t\t\t\t<\/div>\n\t\t\t\t<\/div>\n\t\t<div class=\"wd-negative-gap elementor-element elementor-element-b267313 e-flex e-con-boxed e-con e-child\" data-id=\"b267313\" data-element_type=\"container\">\n\t\t\t\t\t<div class=\"e-con-inner\">\n\t\t\t\t<div class=\"elementor-element elementor-element-524fd7b elementor-invisible elementor-widget elementor-widget-image\" data-id=\"524fd7b\" data-element_type=\"widget\" data-settings=\"{&quot;_animation&quot;:&quot;wd-anim-slide-from-right&quot;,&quot;_animation_mobile&quot;:&quot;fadeInUp&quot;}\" data-widget_type=\"image.default\">\n\t\t\t\t\t\t\t\t\t\t\t\t\t\t\t<img loading=\"lazy\" decoding=\"async\" width=\"953\" height=\"643\" src=\"https:\/\/grancasala.com\/wp-content\/uploads\/2025\/11\/Our-Process.avif\" class=\"attachment-large size-large wp-image-30696\" alt=\"\" srcset=\"https:\/\/grancasala.com\/wp-content\/uploads\/2025\/11\/Our-Process.avif 953w, https:\/\/grancasala.com\/wp-content\/uploads\/2025\/11\/Our-Process-430x290.avif 430w, https:\/\/grancasala.com\/wp-content\/uploads\/2025\/11\/Our-Process-150x101.avif 150w, https:\/\/grancasala.com\/wp-content\/uploads\/2025\/11\/Our-Process-700x472.avif 700w, https:\/\/grancasala.com\/wp-content\/uploads\/2025\/11\/Our-Process-400x270.avif 400w, https:\/\/grancasala.com\/wp-content\/uploads\/2025\/11\/Our-Process-768x518.avif 768w\" sizes=\"auto, (max-width: 953px) 100vw, 953px\" \/>\t\t\t\t\t\t\t\t\t\t\t\t\t\t\t<\/div>\n\t\t\t\t\t<\/div>\n\t\t\t\t<\/div>\n\t\t\t\t<\/div>\n\t\t<div class=\"elementor-element elementor-element-1d8424c e-con-full wd-section-stretch-content e-flex e-con e-parent\" data-id=\"1d8424c\" data-element_type=\"container\" data-settings=\"{&quot;background_background&quot;:&quot;classic&quot;}\">\n\t\t<div class=\"elementor-element elementor-element-ca0afcc e-con-full e-flex e-con e-child\" data-id=\"ca0afcc\" data-element_type=\"container\">\n\t\t\t\t<div class=\"elementor-element elementor-element-33225bc elementor-widget__width-initial elementor-invisible elementor-widget elementor-widget-heading\" data-id=\"33225bc\" data-element_type=\"widget\" data-settings=\"{&quot;_animation&quot;:&quot;wd-anim-left-flip-y&quot;}\" data-widget_type=\"heading.default\">\n\t\t\t\t\t<h2 class=\"elementor-heading-title elementor-size-default\">De d\u00f3nde viene el l\u00edquido<\/h2>\t\t\t\t<\/div>\n\t\t\t\t<div class=\"elementor-element elementor-element-e6f4d43 elementor-widget__width-initial elementor-widget-mobile__width-initial color-scheme-inherit text-left elementor-invisible elementor-widget elementor-widget-text-editor\" data-id=\"e6f4d43\" data-element_type=\"widget\" data-settings=\"{&quot;_animation&quot;:&quot;wd-anim-left-flip-y&quot;}\" data-widget_type=\"text-editor.default\">\n\t\t\t\t\t\t\t\t\t<div id=\"comp-m9botdwl3\" class=\"comp-m9botdwl3 YzqVVZ wixui-column-strip__column\"><div class=\"\" data-mesh-id=\"comp-m9botdwl3inlineContent\" data-testid=\"inline-content\"><div data-mesh-id=\"comp-m9botdwl3inlineContent-gridContainer\" data-testid=\"mesh-container-content\"><div id=\"comp-m9bow5p0\" class=\"Z_l5lU ku3DBC zQ9jDz qvSjx3 Vq6kJx comp-m9bow5p0 wixui-rich-text\" data-testid=\"richTextElement\"><div id=\"comp-m9botdwl3\" class=\"comp-m9botdwl3 YzqVVZ wixui-column-strip__column\"><div class=\"\" data-mesh-id=\"comp-m9botdwl3inlineContent\" data-testid=\"inline-content\"><div data-mesh-id=\"comp-m9botdwl3inlineContent-gridContainer\" data-testid=\"mesh-container-content\"><div id=\"comp-m9bow5p0\" class=\"Z_l5lU ku3DBC zQ9jDz qvSjx3 Vq6kJx comp-m9bow5p0 wixui-rich-text\" data-testid=\"richTextElement\"><p class=\"font_2 wixui-rich-text__text\">El tequila Gran Casal\u00e1 se produce en Tequila La Noria (NOM 1494) en Jalisco. Aqu\u00ed, el agave azul maduro se cocina lentamente en hornos tradicionales,<br \/>se fermenta de forma natural y se destila en el mismo lugar, siguiendo<br \/>m\u00e9todos transmitidos y perfeccionados a lo largo de generaciones.<\/p><\/div><\/div><\/div><\/div><\/div><\/div><\/div><\/div>\t\t\t\t\t\t\t\t<\/div>\n\t\t\t\t<div class=\"elementor-element elementor-element-47fa948 elementor-widget__width-initial elementor-widget-mobile__width-initial color-scheme-inherit text-left elementor-invisible elementor-widget elementor-widget-text-editor\" data-id=\"47fa948\" data-element_type=\"widget\" data-settings=\"{&quot;_animation&quot;:&quot;wd-anim-left-flip-y&quot;}\" data-widget_type=\"text-editor.default\">\n\t\t\t\t\t\t\t\t\t<div id=\"comp-m9botdwl3\" class=\"comp-m9botdwl3 YzqVVZ wixui-column-strip__column\"><div class=\"\" data-mesh-id=\"comp-m9botdwl3inlineContent\" data-testid=\"inline-content\"><div data-mesh-id=\"comp-m9botdwl3inlineContent-gridContainer\" data-testid=\"mesh-container-content\"><div id=\"comp-m9bow5p0\" class=\"Z_l5lU ku3DBC zQ9jDz qvSjx3 Vq6kJx comp-m9bow5p0 wixui-rich-text\" data-testid=\"richTextElement\"><p class=\"font_2 wixui-rich-text__text\">Tequila La Noria \u00b7 NOM 1494 \u00b7 Jalisco, M\u00e9xico<\/p><\/div><\/div><\/div><\/div>\t\t\t\t\t\t\t\t<\/div>\n\t\t\t\t<\/div>\n\t\t<div class=\"wd-negative-gap elementor-element elementor-element-59e0c7e e-flex e-con-boxed e-con e-child\" data-id=\"59e0c7e\" data-element_type=\"container\">\n\t\t\t\t\t<div class=\"e-con-inner\">\n\t\t\t\t<div class=\"elementor-element elementor-element-5e6a749 elementor-invisible elementor-widget elementor-widget-image\" data-id=\"5e6a749\" data-element_type=\"widget\" data-settings=\"{&quot;_animation&quot;:&quot;wd-anim-slide-from-left&quot;,&quot;_animation_mobile&quot;:&quot;fadeInUp&quot;}\" data-widget_type=\"image.default\">\n\t\t\t\t\t\t\t\t\t\t\t\t\t\t\t<img loading=\"lazy\" decoding=\"async\" width=\"787\" height=\"800\" src=\"https:\/\/grancasala.com\/wp-content\/uploads\/2026\/01\/Untitled-design-1-787x800.png\" class=\"attachment-large size-large wp-image-30986\" alt=\"\" srcset=\"https:\/\/grancasala.com\/wp-content\/uploads\/2026\/01\/Untitled-design-1-787x800.png 787w, https:\/\/grancasala.com\/wp-content\/uploads\/2026\/01\/Untitled-design-1-295x300.png 295w, https:\/\/grancasala.com\/wp-content\/uploads\/2026\/01\/Untitled-design-1-768x781.png 768w, https:\/\/grancasala.com\/wp-content\/uploads\/2026\/01\/Untitled-design-1-430x437.png 430w, https:\/\/grancasala.com\/wp-content\/uploads\/2026\/01\/Untitled-design-1-700x712.png 700w, https:\/\/grancasala.com\/wp-content\/uploads\/2026\/01\/Untitled-design-1-150x152.png 150w, https:\/\/grancasala.com\/wp-content\/uploads\/2026\/01\/Untitled-design-1.png 1460w\" sizes=\"auto, (max-width: 787px) 100vw, 787px\" \/>\t\t\t\t\t\t\t\t\t\t\t\t\t\t\t<\/div>\n\t\t\t\t\t<\/div>\n\t\t\t\t<\/div>\n\t\t\t\t<\/div>\n\t\t<div class=\"elementor-element elementor-element-2cb2653 e-con-full wd-section-stretch-content e-flex e-con e-parent\" data-id=\"2cb2653\" data-element_type=\"container\" data-settings=\"{&quot;background_background&quot;:&quot;classic&quot;}\">\n\t\t\t\t<div class=\"elementor-element elementor-element-935a1c7 elementor-widget-divider--view-line elementor-widget elementor-widget-divider\" data-id=\"935a1c7\" data-element_type=\"widget\" data-widget_type=\"divider.default\">\n\t\t\t\t\t\t\t<div class=\"elementor-divider\">\n\t\t\t<span class=\"elementor-divider-separator\">\n\t\t\t\t\t\t<\/span>\n\t\t<\/div>\n\t\t\t\t\t\t<\/div>\n\t\t\t\t<\/div>\n\t\t<div class=\"elementor-element elementor-element-3f89c10 e-con-full wd-section-stretch-content e-flex e-con e-parent\" data-id=\"3f89c10\" data-element_type=\"container\" data-settings=\"{&quot;background_background&quot;:&quot;classic&quot;}\">\n\t\t<div class=\"wd-negative-gap elementor-element elementor-element-01f3ccf e-flex e-con-boxed e-con e-child\" data-id=\"01f3ccf\" data-element_type=\"container\">\n\t\t\t\t\t<div class=\"e-con-inner\">\n\t\t\t\t<div class=\"elementor-element elementor-element-6898f6a elementor-widget__width-initial elementor-widget-mobile__width-inherit elementor-position-top elementor-invisible elementor-widget elementor-widget-image-box\" data-id=\"6898f6a\" data-element_type=\"widget\" data-settings=\"{&quot;_animation&quot;:&quot;fadeIn&quot;}\" data-widget_type=\"image-box.default\">\n\t\t\t\t\t<div class=\"elementor-image-box-wrapper\"><figure class=\"elementor-image-box-img\"><img loading=\"lazy\" decoding=\"async\" width=\"534\" height=\"732\" src=\"https:\/\/grancasala.com\/wp-content\/uploads\/2025\/11\/Small-Batch.avif\" class=\"attachment-full size-full wp-image-30762\" alt=\"\" srcset=\"https:\/\/grancasala.com\/wp-content\/uploads\/2025\/11\/Small-Batch.avif 534w, https:\/\/grancasala.com\/wp-content\/uploads\/2025\/11\/Small-Batch-430x589.avif 430w, https:\/\/grancasala.com\/wp-content\/uploads\/2025\/11\/Small-Batch-150x206.avif 150w, https:\/\/grancasala.com\/wp-content\/uploads\/2025\/11\/Small-Batch-219x300.avif 219w\" sizes=\"auto, (max-width: 534px) 100vw, 534px\" \/><\/figure><div class=\"elementor-image-box-content\"><h3 class=\"elementor-image-box-title\">Lote peque\u00f1o<\/h3><p class=\"elementor-image-box-description\">Gran Casal\u00e1 se produce en peque\u00f1os lotes para mantener un control absoluto sobre la calidad.\nCada botella se elabora artesanalmente mediante un proceso sostenible y semiartesanal.<br>\nNo utilizamos aditivos, solo agave maduro, tiempo y tradici\u00f3n, lo que ofrece una experiencia de degustaci\u00f3n aut\u00e9ntica y superior.<\/p><\/div><\/div>\t\t\t\t<\/div>\n\t\t\t\t\t<\/div>\n\t\t\t\t<\/div>\n\t\t<div class=\"wd-negative-gap elementor-element elementor-element-ffd1092 e-flex e-con-boxed e-con e-child\" data-id=\"ffd1092\" data-element_type=\"container\">\n\t\t\t\t\t<div class=\"e-con-inner\">\n\t\t\t\t<div class=\"elementor-element elementor-element-a3dbf06 elementor-widget__width-initial elementor-widget-mobile__width-inherit elementor-position-top elementor-invisible elementor-widget elementor-widget-image-box\" data-id=\"a3dbf06\" data-element_type=\"widget\" data-settings=\"{&quot;_animation&quot;:&quot;fadeIn&quot;}\" data-widget_type=\"image-box.default\">\n\t\t\t\t\t<div class=\"elementor-image-box-wrapper\"><figure class=\"elementor-image-box-img\"><img loading=\"lazy\" decoding=\"async\" width=\"534\" height=\"732\" src=\"https:\/\/grancasala.com\/wp-content\/uploads\/2025\/11\/The-Harvest.avif\" class=\"attachment-full size-full wp-image-30761\" alt=\"\" srcset=\"https:\/\/grancasala.com\/wp-content\/uploads\/2025\/11\/The-Harvest.avif 534w, https:\/\/grancasala.com\/wp-content\/uploads\/2025\/11\/The-Harvest-430x589.avif 430w, https:\/\/grancasala.com\/wp-content\/uploads\/2025\/11\/The-Harvest-150x206.avif 150w, https:\/\/grancasala.com\/wp-content\/uploads\/2025\/11\/The-Harvest-219x300.avif 219w\" sizes=\"auto, (max-width: 534px) 100vw, 534px\" \/><\/figure><div class=\"elementor-image-box-content\"><h3 class=\"elementor-image-box-title\">La cosecha<\/h3><p class=\"elementor-image-box-description\">Nuestros agaves se cultivan durante 6 a 8 a\u00f1os hasta que alcanzan su punto m\u00e1ximo de madurez.\nCuando la dulzura del agave, conocida como la pi\u00f1a, est\u00e1 completamente desarrollada, se cosecha en el momento preciso, llamado \"La Jima\".\n\nSeleccionar el agave correcto en el momento correcto es esencial para lograr equilibrio y profundidad en el tequila final.<\/p><\/div><\/div>\t\t\t\t<\/div>\n\t\t\t\t\t<\/div>\n\t\t\t\t<\/div>\n\t\t<div class=\"wd-negative-gap elementor-element elementor-element-01c6f0b e-flex e-con-boxed e-con e-child\" data-id=\"01c6f0b\" data-element_type=\"container\">\n\t\t\t\t\t<div class=\"e-con-inner\">\n\t\t\t\t<div class=\"elementor-element elementor-element-1b53db7 elementor-widget__width-initial elementor-widget-mobile__width-inherit elementor-position-top elementor-invisible elementor-widget elementor-widget-image-box\" data-id=\"1b53db7\" data-element_type=\"widget\" data-settings=\"{&quot;_animation&quot;:&quot;fadeIn&quot;}\" data-widget_type=\"image-box.default\">\n\t\t\t\t\t<div class=\"elementor-image-box-wrapper\"><figure class=\"elementor-image-box-img\"><img loading=\"lazy\" decoding=\"async\" width=\"534\" height=\"732\" src=\"https:\/\/grancasala.com\/wp-content\/uploads\/2025\/11\/The-Perfect-Companion.avif\" class=\"attachment-full size-full wp-image-30760\" alt=\"\" srcset=\"https:\/\/grancasala.com\/wp-content\/uploads\/2025\/11\/The-Perfect-Companion.avif 534w, https:\/\/grancasala.com\/wp-content\/uploads\/2025\/11\/The-Perfect-Companion-430x589.avif 430w, https:\/\/grancasala.com\/wp-content\/uploads\/2025\/11\/The-Perfect-Companion-150x206.avif 150w, https:\/\/grancasala.com\/wp-content\/uploads\/2025\/11\/The-Perfect-Companion-219x300.avif 219w\" sizes=\"auto, (max-width: 534px) 100vw, 534px\" \/><\/figure><div class=\"elementor-image-box-content\"><h3 class=\"elementor-image-box-title\">El compa\u00f1ero perfecto<\/h3><p class=\"elementor-image-box-description\">Gran Casal\u00e1 est\u00e1 elaborado para aquellos que aprecian la intenci\u00f3n y la excelencia.\nSuave, expresivo y equilibrado, est\u00e1 dise\u00f1ado para elevar momentos de celebraci\u00f3n, conexi\u00f3n y reflexi\u00f3n.\n<br>Un tequila hecho para ser recordado.<\/p><\/div><\/div>\t\t\t\t<\/div>\n\t\t\t\t\t<\/div>\n\t\t\t\t<\/div>\n\t\t\t\t<\/div>\n\t\t<div class=\"elementor-element elementor-element-f6fb90f e-con-full wd-section-stretch-content e-flex e-con e-parent\" data-id=\"f6fb90f\" data-element_type=\"container\" data-settings=\"{&quot;background_background&quot;:&quot;classic&quot;}\">\n\t\t<div class=\"wd-negative-gap elementor-element elementor-element-d1c2ca8 e-flex e-con-boxed e-con e-child\" data-id=\"d1c2ca8\" data-element_type=\"container\">\n\t\t\t\t\t<div class=\"e-con-inner\">\n\t\t\t\t<div class=\"elementor-element elementor-element-7077ce7 elementor-widget__width-initial animated-slow elementor-position-top elementor-invisible elementor-widget elementor-widget-image-box\" data-id=\"7077ce7\" data-element_type=\"widget\" data-settings=\"{&quot;_animation&quot;:&quot;fadeInUp&quot;}\" data-widget_type=\"image-box.default\">\n\t\t\t\t\t<div class=\"elementor-image-box-wrapper\"><figure class=\"elementor-image-box-img\"><img loading=\"lazy\" decoding=\"async\" width=\"186\" height=\"186\" src=\"https:\/\/grancasala.com\/wp-content\/uploads\/2025\/11\/bottle-icon.avif\" class=\"attachment-full size-full wp-image-30763\" alt=\"\" srcset=\"https:\/\/grancasala.com\/wp-content\/uploads\/2025\/11\/bottle-icon.avif 186w, https:\/\/grancasala.com\/wp-content\/uploads\/2025\/11\/bottle-icon-150x150.avif 150w\" sizes=\"auto, (max-width: 186px) 100vw, 186px\" \/><\/figure><div class=\"elementor-image-box-content\"><h3 class=\"elementor-image-box-title\">Cocido en hornos de ladrillo<\/h3><p class=\"elementor-image-box-description\">El agave se cocina lentamente en hornos de ladrillo, un proceso que realza las notas ahumadas, terrosas y tostadas.\nEste m\u00e9todo permite que los az\u00facares naturales se desarrollen por completo, creando un perfil de sabor suave y complejo.\n\nLa fermentaci\u00f3n se produce de forma natural, preservando el verdadero car\u00e1cter del agave.<\/p><\/div><\/div>\t\t\t\t<\/div>\n\t\t\t\t\t<\/div>\n\t\t\t\t<\/div>\n\t\t<div class=\"wd-negative-gap elementor-element elementor-element-7ed9c4e e-flex e-con-boxed e-con e-child\" data-id=\"7ed9c4e\" data-element_type=\"container\">\n\t\t\t\t\t<div class=\"e-con-inner\">\n\t\t\t\t<div class=\"elementor-element elementor-element-3e55619 elementor-widget__width-initial animated-slow elementor-view-default elementor-position-block-start elementor-invisible elementor-widget elementor-widget-icon-box\" data-id=\"3e55619\" data-element_type=\"widget\" data-settings=\"{&quot;_animation&quot;:&quot;fadeInUp&quot;}\" data-widget_type=\"icon-box.default\">\n\t\t\t\t\t\t\t<div class=\"elementor-icon-box-wrapper\">\n\n\t\t\t\t\t\t<div class=\"elementor-icon-box-icon\">\n\t\t\t\t<span  class=\"elementor-icon\">\n\t\t\t\t<svg aria-hidden=\"true\" class=\"e-font-icon-svg e-fas-vials\" viewBox=\"0 0 640 512\" xmlns=\"http:\/\/www.w3.org\/2000\/svg\"><path d=\"M72 64h24v240c0 44.1 35.9 80 80 80s80-35.9 80-80V64h24c4.4 0 8-3.6 8-8V8c0-4.4-3.6-8-8-8H72c-4.4 0-8 3.6-8 8v48c0 4.4 3.6 8 8 8zm72 0h64v96h-64V64zm480 384H16c-8.8 0-16 7.2-16 16v32c0 8.8 7.2 16 16 16h608c8.8 0 16-7.2 16-16v-32c0-8.8-7.2-16-16-16zM360 64h24v240c0 44.1 35.9 80 80 80s80-35.9 80-80V64h24c4.4 0 8-3.6 8-8V8c0-4.4-3.6-8-8-8H360c-4.4 0-8 3.6-8 8v48c0 4.4 3.6 8 8 8zm72 0h64v96h-64V64z\"><\/path><\/svg>\t\t\t\t<\/span>\n\t\t\t<\/div>\n\t\t\t\n\t\t\t\t\t\t<div class=\"elementor-icon-box-content\">\n\n\t\t\t\t\t\t\t\t\t<h3 class=\"elementor-icon-box-title\">\n\t\t\t\t\t\t<span  >\n\t\t\t\t\t\t\tDestilaci\u00f3n\t\t\t\t\t\t<\/span>\n\t\t\t\t\t<\/h3>\n\t\t\t\t\n\t\t\t\t\t\t\t\t\t<p class=\"elementor-icon-box-description\">\n\t\t\t\t\t\tEl agave fermentado se destila cuidadosamente para lograr claridad, equilibrio y pureza.\nCada lote se supervisa de cerca para garantizar la consistencia, preservando al mismo tiempo las caracter\u00edsticas \u00fanicas del agave.\n\nEl resultado es un tequila refinado con profundidad, suavidad y un final elegante.\t\t\t\t\t<\/p>\n\t\t\t\t\n\t\t\t<\/div>\n\t\t\t\n\t\t<\/div>\n\t\t\t\t\t\t<\/div>\n\t\t\t\t\t<\/div>\n\t\t\t\t<\/div>\n\t\t\t\t<\/div>\n\t\t<div class=\"elementor-element elementor-element-4accf7c e-con-full wd-section-stretch-content e-flex e-con e-parent\" data-id=\"4accf7c\" data-element_type=\"container\" data-settings=\"{&quot;background_background&quot;:&quot;classic&quot;}\">\n\t\t<div class=\"elementor-element elementor-element-6c1a201 e-con-full e-flex e-con e-child\" data-id=\"6c1a201\" data-element_type=\"container\">\n\t\t\t\t<div class=\"elementor-element elementor-element-1513f82 animated-slow elementor-invisible elementor-widget elementor-widget-image\" data-id=\"1513f82\" data-element_type=\"widget\" data-settings=\"{&quot;_animation&quot;:&quot;fadeIn&quot;}\" data-widget_type=\"image.default\">\n\t\t\t\t\t\t\t\t\t\t\t\t\t\t\t<img loading=\"lazy\" decoding=\"async\" width=\"533\" height=\"800\" src=\"https:\/\/grancasala.com\/wp-content\/uploads\/2026\/03\/3-533x800.webp\" class=\"attachment-large size-large wp-image-31604\" alt=\"\" srcset=\"https:\/\/grancasala.com\/wp-content\/uploads\/2026\/03\/3-533x800.webp 533w, https:\/\/grancasala.com\/wp-content\/uploads\/2026\/03\/3-200x300.webp 200w, https:\/\/grancasala.com\/wp-content\/uploads\/2026\/03\/3-430x645.webp 430w, https:\/\/grancasala.com\/wp-content\/uploads\/2026\/03\/3-150x225.webp 150w, https:\/\/grancasala.com\/wp-content\/uploads\/2026\/03\/3.webp 700w\" sizes=\"auto, (max-width: 533px) 100vw, 533px\" \/>\t\t\t\t\t\t\t\t\t\t\t\t\t\t\t<\/div>\n\t\t\t\t<\/div>\n\t\t<div class=\"elementor-element elementor-element-40b6f31 e-con-full e-flex e-con e-child\" data-id=\"40b6f31\" data-element_type=\"container\" data-settings=\"{&quot;background_background&quot;:&quot;classic&quot;}\">\n\t\t\t\t<div class=\"elementor-element elementor-element-fe29895 animated-slow elementor-invisible elementor-widget elementor-widget-image\" data-id=\"fe29895\" data-element_type=\"widget\" data-settings=\"{&quot;_animation&quot;:&quot;fadeIn&quot;}\" data-widget_type=\"image.default\">\n\t\t\t\t\t\t\t\t\t\t\t\t\t\t\t<img loading=\"lazy\" decoding=\"async\" width=\"533\" height=\"800\" src=\"https:\/\/grancasala.com\/wp-content\/uploads\/2026\/03\/20-533x800.webp\" class=\"attachment-large size-large wp-image-31601\" alt=\"\" srcset=\"https:\/\/grancasala.com\/wp-content\/uploads\/2026\/03\/20-533x800.webp 533w, https:\/\/grancasala.com\/wp-content\/uploads\/2026\/03\/20-200x300.webp 200w, https:\/\/grancasala.com\/wp-content\/uploads\/2026\/03\/20-768x1152.webp 768w, https:\/\/grancasala.com\/wp-content\/uploads\/2026\/03\/20-430x645.webp 430w, https:\/\/grancasala.com\/wp-content\/uploads\/2026\/03\/20-700x1050.webp 700w, https:\/\/grancasala.com\/wp-content\/uploads\/2026\/03\/20-150x225.webp 150w, https:\/\/grancasala.com\/wp-content\/uploads\/2026\/03\/20.webp 832w\" sizes=\"auto, (max-width: 533px) 100vw, 533px\" \/>\t\t\t\t\t\t\t\t\t\t\t\t\t\t\t<\/div>\n\t\t\t\t<\/div>\n\t\t<div class=\"elementor-element elementor-element-53d570c e-con-full e-flex e-con e-child\" data-id=\"53d570c\" data-element_type=\"container\">\n\t\t\t\t<div class=\"elementor-element elementor-element-31caf3b animated-slow elementor-invisible elementor-widget elementor-widget-image\" data-id=\"31caf3b\" data-element_type=\"widget\" data-settings=\"{&quot;_animation&quot;:&quot;fadeIn&quot;}\" data-widget_type=\"image.default\">\n\t\t\t\t\t\t\t\t\t\t\t\t\t\t\t<img loading=\"lazy\" decoding=\"async\" width=\"533\" height=\"800\" src=\"https:\/\/grancasala.com\/wp-content\/uploads\/2026\/03\/6-533x800.webp\" class=\"attachment-large size-large wp-image-31602\" alt=\"\" srcset=\"https:\/\/grancasala.com\/wp-content\/uploads\/2026\/03\/6-533x800.webp 533w, https:\/\/grancasala.com\/wp-content\/uploads\/2026\/03\/6-200x300.webp 200w, https:\/\/grancasala.com\/wp-content\/uploads\/2026\/03\/6-768x1152.webp 768w, https:\/\/grancasala.com\/wp-content\/uploads\/2026\/03\/6-430x645.webp 430w, https:\/\/grancasala.com\/wp-content\/uploads\/2026\/03\/6-700x1050.webp 700w, https:\/\/grancasala.com\/wp-content\/uploads\/2026\/03\/6-150x225.webp 150w, https:\/\/grancasala.com\/wp-content\/uploads\/2026\/03\/6.webp 832w\" sizes=\"auto, (max-width: 533px) 100vw, 533px\" \/>\t\t\t\t\t\t\t\t\t\t\t\t\t\t\t<\/div>\n\t\t\t\t<\/div>\n\t\t<div class=\"elementor-element elementor-element-c5a4dc1 e-con-full e-flex e-con e-child\" data-id=\"c5a4dc1\" data-element_type=\"container\">\n\t\t\t\t<div class=\"elementor-element elementor-element-0c330ef animated-slow elementor-invisible elementor-widget elementor-widget-image\" data-id=\"0c330ef\" data-element_type=\"widget\" data-settings=\"{&quot;_animation&quot;:&quot;fadeIn&quot;}\" data-widget_type=\"image.default\">\n\t\t\t\t\t\t\t\t\t\t\t\t\t\t\t<img loading=\"lazy\" decoding=\"async\" width=\"532\" height=\"800\" src=\"https:\/\/grancasala.com\/wp-content\/uploads\/2026\/03\/grancasala-532x800.jpg\" class=\"attachment-large size-large wp-image-31605\" alt=\"\" srcset=\"https:\/\/grancasala.com\/wp-content\/uploads\/2026\/03\/grancasala-532x800.jpg 532w, https:\/\/grancasala.com\/wp-content\/uploads\/2026\/03\/grancasala-199x300.jpg 199w, https:\/\/grancasala.com\/wp-content\/uploads\/2026\/03\/grancasala-768x1156.jpg 768w, https:\/\/grancasala.com\/wp-content\/uploads\/2026\/03\/grancasala-430x647.jpg 430w, https:\/\/grancasala.com\/wp-content\/uploads\/2026\/03\/grancasala-700x1054.jpg 700w, https:\/\/grancasala.com\/wp-content\/uploads\/2026\/03\/grancasala-150x226.jpg 150w, https:\/\/grancasala.com\/wp-content\/uploads\/2026\/03\/grancasala.jpg 800w\" sizes=\"auto, (max-width: 532px) 100vw, 532px\" \/>\t\t\t\t\t\t\t\t\t\t\t\t\t\t\t<\/div>\n\t\t\t\t<\/div>\n\t\t\t\t<\/div>\n\t\t\t\t<\/div>\n\t\t","protected":false},"excerpt":{"rendered":"<p>Donde la artesan\u00eda se une al tiempo Nuestro proceso Cada expresi\u00f3n de Gran Casal\u00e1 comienza con paciencia y prop\u00f3sito.Desde el<\/p>\n","protected":false},"author":1,"featured_media":0,"parent":0,"menu_order":0,"comment_status":"closed","ping_status":"closed","template":"","meta":{"footnotes":""},"class_list":["post-30983","page","type-page","status-publish","hentry"],"_hostinger_reach_plugin_has_subscription_block":false,"_hostinger_reach_plugin_is_elementor":false,"_links":{"self":[{"href":"https:\/\/grancasala.com\/es\/wp-json\/wp\/v2\/pages\/30983","targetHints":{"allow":["GET"]}}],"collection":[{"href":"https:\/\/grancasala.com\/es\/wp-json\/wp\/v2\/pages"}],"about":[{"href":"https:\/\/grancasala.com\/es\/wp-json\/wp\/v2\/types\/page"}],"author":[{"embeddable":true,"href":"https:\/\/grancasala.com\/es\/wp-json\/wp\/v2\/users\/1"}],"replies":[{"embeddable":true,"href":"https:\/\/grancasala.com\/es\/wp-json\/wp\/v2\/comments?post=30983"}],"version-history":[{"count":5,"href":"https:\/\/grancasala.com\/es\/wp-json\/wp\/v2\/pages\/30983\/revisions"}],"predecessor-version":[{"id":31638,"href":"https:\/\/grancasala.com\/es\/wp-json\/wp\/v2\/pages\/30983\/revisions\/31638"}],"wp:attachment":[{"href":"https:\/\/grancasala.com\/es\/wp-json\/wp\/v2\/media?parent=30983"}],"curies":[{"name":"wp","href":"https:\/\/api.w.org\/{rel}","templated":true}]}}