{"id":30289,"date":"2025-11-11T07:22:38","date_gmt":"2025-11-11T07:22:38","guid":{"rendered":"https:\/\/grancasala.com\/tienda-ee-uu\/"},"modified":"2026-03-29T07:13:05","modified_gmt":"2026-03-29T07:13:05","slug":"tienda-ee-uu","status":"publish","type":"page","link":"https:\/\/grancasala.com\/es\/tienda-ee-uu\/","title":{"rendered":"Tienda EE. UU."},"content":{"rendered":"\t\t<div data-elementor-type=\"wp-page\" data-elementor-id=\"30289\" class=\"elementor elementor-30289 elementor-29688\">\n\t\t\t\t<div class=\"elementor-element elementor-element-e64a409 e-con-full wd-section-stretch-content e-flex e-con e-parent\" data-id=\"e64a409\" data-element_type=\"container\" data-settings=\"{&quot;background_background&quot;:&quot;classic&quot;}\">\n\t\t\t\t<div class=\"elementor-element elementor-element-28553ec elementor-invisible elementor-widget elementor-widget-heading\" data-id=\"28553ec\" data-element_type=\"widget\" data-settings=\"{&quot;_animation&quot;:&quot;fadeInUp&quot;}\" data-widget_type=\"heading.default\">\n\t\t\t\t\t<h2 class=\"elementor-heading-title elementor-size-default\">Comprar EE. UU.<\/h2>\t\t\t\t<\/div>\n\t\t\t\t<div class=\"elementor-element elementor-element-eb75c04 elementor-invisible elementor-widget elementor-widget-image\" data-id=\"eb75c04\" data-element_type=\"widget\" data-settings=\"{&quot;_animation&quot;:&quot;fadeInUp&quot;}\" data-widget_type=\"image.default\">\n\t\t\t\t\t\t\t\t\t\t\t\t\t\t\t<img decoding=\"async\" src=\"https:\/\/grancasala.com\/wp-content\/uploads\/2025\/11\/Quotes-L1.avif\" title=\"\" alt=\"\" loading=\"lazy\" \/>\t\t\t\t\t\t\t\t\t\t\t\t\t\t\t<\/div>\n\t\t\t\t<\/div>\n\t\t<div class=\"elementor-element elementor-element-41e12e5 e-con-full wd-section-stretch-content e-flex e-con e-parent\" data-id=\"41e12e5\" data-element_type=\"container\" data-settings=\"{&quot;background_background&quot;:&quot;classic&quot;}\">\n\t\t<div class=\"wd-negative-gap elementor-element elementor-element-af1ca1e e-flex e-con-boxed e-con e-child\" data-id=\"af1ca1e\" data-element_type=\"container\">\n\t\t\t\t\t<div class=\"e-con-inner\">\n\t\t\t\t<div class=\"elementor-element elementor-element-1921a93 elementor-widget__width-initial elementor-invisible elementor-widget elementor-widget-heading\" data-id=\"1921a93\" data-element_type=\"widget\" data-settings=\"{&quot;_animation&quot;:&quot;fadeInUp&quot;}\" data-widget_type=\"heading.default\">\n\t\t\t\t\t<h2 class=\"elementor-heading-title elementor-size-default\">BLANCO<\/h2>\t\t\t\t<\/div>\n\t\t\t\t<div class=\"elementor-element elementor-element-2f06df8 elementor-widget__width-initial elementor-widget-mobile__width-inherit elementor-invisible elementor-widget elementor-widget-image\" data-id=\"2f06df8\" data-element_type=\"widget\" data-settings=\"{&quot;_animation&quot;:&quot;fadeInUp&quot;}\" data-widget_type=\"image.default\">\n\t\t\t\t\t\t\t\t\t\t\t\t\t\t\t<img decoding=\"async\" src=\"https:\/\/grancasala.com\/wp-content\/uploads\/2025\/11\/Quotes-L1.avif\" title=\"\" alt=\"\" loading=\"lazy\" \/>\t\t\t\t\t\t\t\t\t\t\t\t\t\t\t<\/div>\n\t\t\t\t<div class=\"elementor-element elementor-element-146637a elementor-widget__width-initial color-scheme-inherit text-left elementor-invisible elementor-widget elementor-widget-text-editor\" data-id=\"146637a\" data-element_type=\"widget\" data-settings=\"{&quot;_animation&quot;:&quot;fadeInUp&quot;}\" data-widget_type=\"text-editor.default\">\n\t\t\t\t\t\t\t\t\t<p>Tequila Gran Casal\u00e1 Blanco es un tequila artesanal, sin aditivos, elaborado con 100% agave azul Weber. Seleccionamos \u00fanicamente agaves maduros de 6 a 8 a\u00f1os de nuestros propios huertos y los cocinamos lentamente con vapor puro en hornos tradicionales de piedra volc\u00e1nica. La fermentaci\u00f3n es completamente natural, utilizando \u00fanicamente levadura Azteca con certificaci\u00f3n kosher, sin qu\u00edmicos ni aceleradores. El resultado es un tequila blanco puro y aut\u00e9ntico que captura la verdadera esencia artesanal.<\/p>\t\t\t\t\t\t\t\t<\/div>\n\t\t\t\t<div class=\"elementor-element elementor-element-1d21f54 elementor-widget__width-initial color-scheme-inherit text-left elementor-widget elementor-widget-text-editor\" data-id=\"1d21f54\" data-element_type=\"widget\" data-widget_type=\"text-editor.default\">\n\t\t\t\t\t\t\t\t\t<p>$64.99<\/p>\t\t\t\t\t\t\t\t<\/div>\n\t\t\t\t<div class=\"elementor-element elementor-element-8a01f4c elementor-invisible elementor-widget elementor-widget-html\" data-id=\"8a01f4c\" data-element_type=\"widget\" data-settings=\"{&quot;_animation&quot;:&quot;fadeInUp&quot;}\" data-widget_type=\"html.default\">\n\t\t\t\t\t<script type=\"text\/javascript\">\r\n(function (currentScript) {\r\n    window.BottleNexus ? BottleNexusInit() : loadScript();\r\n    function loadScript() {\r\n        var script = document.createElement('script');\r\n        script.async = true;\r\n        script.src = 'https:\/\/buybutton.bottlenexus.com\/buybutton.min.js?v=' + Date.now();\r\n        (document.getElementsByTagName('head')[0] || document.getElementsByTagName('body')[0]).appendChild(script);\r\n        script.onload = BottleNexusInit;\r\n    }\r\n    function BottleNexusInit() {\r\n        BottleNexus.init().createComponent({\r\n            currentScript: currentScript,\r\n            token: '40a4cd76-b4da-11f0-8d1a-0242ac110002',\r\n            id: 8916,\r\n            options: {\r\n                \"iframe\": true,\r\n                \"layout\": \"basic\",\r\n                \"behavior\": \"sidebar\",\r\n                \"buttonRadius\": 23,\r\n                \"buttonFontSize\": 16,\r\n\r\n                \/* FIXED HERE *\/\r\n                \"buttonWidth\": \"300px\",\r\n\r\n                \"buttonAlignment\": \"center\",\r\n                \"buttonText\": \"Add to Cart\",\r\n                \"buttonTextColor\": \"#000000\",\r\n                \"buttonBackground\": \"#C2A654\",\r\n                \"initialQuantity\": 1,\r\n                \"cartButtonRadius\": 5,\r\n                \"cartCheckoutBackgroundColor\": \"#000000\",\r\n                \"cartCheckoutBackgroundDisabledColor\": \"#B2B2B2\",\r\n                \"cartCheckoutTextColor\": \"#FFFFFF\",\r\n                \"cartHeadingText\": \"Cart\",\r\n                \"cartCheckoutText\": \"CHECKOUT\",\r\n                \"cartEmptyText\": \"No products added\",\r\n                \"cartAdditionalInformationText\": \"\",\r\n                \"cartBackgroundColor\": \"#FEFEFE\",\r\n                \"cartTextColor\": \"#000000\",\r\n                \"showInput\": true,\r\n                \"utm\": { \"source\": \"BuyButton\" },\r\n                \"donation\": \"no_donation\",\r\n                \"styles\": {\r\n                    \"[data-component='button']\": {\r\n                        \"font-weight\": \"bold\",\r\n                        \"background-color\": \"#C2A654\",\r\n                        \"color\": \"#ffffff\",\r\n                        \"border\": \"none\"\r\n                    },\r\n                    \"[data-component='button']:hover\": {\r\n                        \"font-weight\": \"bold\",\r\n                        \"background-color\": \"#000000\",\r\n                        \"color\": \"#ffffff\",\r\n                        \"border\": \"none\"\r\n                    },\r\n                    \"[data-component='toggle']\": {\r\n                        \"font-weight\": \"bold\",\r\n                        \"background-color\": \"#C2A654\",\r\n                        \"color\": \"#000000\"\r\n                    }\r\n                }\r\n            }\r\n        });\r\n    }\r\n})(document.currentScript);\r\n<\/script>\t\t\t\t<\/div>\n\t\t\t\t\t<\/div>\n\t\t\t\t<\/div>\n\t\t<div class=\"elementor-element elementor-element-3462f44 e-con-full e-flex elementor-invisible e-con e-child\" data-id=\"3462f44\" data-element_type=\"container\" data-settings=\"{&quot;animation&quot;:&quot;fadeIn&quot;}\">\n\t\t\t\t<div class=\"elementor-element elementor-element-1153728 animated-slow elementor-invisible elementor-widget elementor-widget-image\" data-id=\"1153728\" data-element_type=\"widget\" data-settings=\"{&quot;_animation&quot;:&quot;rotateInDownRight&quot;}\" data-widget_type=\"image.default\">\n\t\t\t\t\t\t\t\t\t\t\t\t\t\t\t<img loading=\"lazy\" decoding=\"async\" width=\"648\" height=\"800\" src=\"https:\/\/grancasala.com\/wp-content\/uploads\/2025\/11\/TEQUILA-BLANCO-2-1-e1764528144519-648x800.png\" class=\"attachment-large size-large wp-image-30645\" alt=\"\" srcset=\"https:\/\/grancasala.com\/wp-content\/uploads\/2025\/11\/TEQUILA-BLANCO-2-1-e1764528144519-648x800.png 648w, https:\/\/grancasala.com\/wp-content\/uploads\/2025\/11\/TEQUILA-BLANCO-2-1-e1764528144519-243x300.png 243w, https:\/\/grancasala.com\/wp-content\/uploads\/2025\/11\/TEQUILA-BLANCO-2-1-e1764528144519-768x949.png 768w, https:\/\/grancasala.com\/wp-content\/uploads\/2025\/11\/TEQUILA-BLANCO-2-1-e1764528144519-430x531.png 430w, https:\/\/grancasala.com\/wp-content\/uploads\/2025\/11\/TEQUILA-BLANCO-2-1-e1764528144519-700x865.png 700w, https:\/\/grancasala.com\/wp-content\/uploads\/2025\/11\/TEQUILA-BLANCO-2-1-e1764528144519-150x185.png 150w, https:\/\/grancasala.com\/wp-content\/uploads\/2025\/11\/TEQUILA-BLANCO-2-1-e1764528144519.png 1080w\" sizes=\"auto, (max-width: 648px) 100vw, 648px\" \/>\t\t\t\t\t\t\t\t\t\t\t\t\t\t\t<\/div>\n\t\t\t\t<\/div>\n\t\t\t\t<\/div>\n\t\t<div class=\"elementor-element elementor-element-ee45cf8 e-con-full wd-section-stretch-content e-flex e-con e-parent\" data-id=\"ee45cf8\" data-element_type=\"container\" data-settings=\"{&quot;background_background&quot;:&quot;classic&quot;}\">\n\t\t<div class=\"wd-negative-gap elementor-element elementor-element-37b451f e-flex e-con-boxed e-con e-child\" data-id=\"37b451f\" data-element_type=\"container\">\n\t\t\t\t\t<div class=\"e-con-inner\">\n\t\t\t\t<div class=\"elementor-element elementor-element-c879b6b elementor-widget__width-initial elementor-invisible elementor-widget elementor-widget-heading\" data-id=\"c879b6b\" data-element_type=\"widget\" data-settings=\"{&quot;_animation&quot;:&quot;fadeInUp&quot;}\" data-widget_type=\"heading.default\">\n\t\t\t\t\t<h2 class=\"elementor-heading-title elementor-size-default\">REPOSADO<\/h2>\t\t\t\t<\/div>\n\t\t\t\t<div class=\"elementor-element elementor-element-dfd7a0f elementor-widget__width-initial elementor-widget-mobile__width-inherit elementor-invisible elementor-widget elementor-widget-image\" data-id=\"dfd7a0f\" data-element_type=\"widget\" data-settings=\"{&quot;_animation&quot;:&quot;fadeInUp&quot;}\" data-widget_type=\"image.default\">\n\t\t\t\t\t\t\t\t\t\t\t\t\t\t\t<img decoding=\"async\" src=\"https:\/\/grancasala.com\/wp-content\/uploads\/2025\/11\/Quotes-L1.avif\" title=\"\" alt=\"\" loading=\"lazy\" \/>\t\t\t\t\t\t\t\t\t\t\t\t\t\t\t<\/div>\n\t\t\t\t<div class=\"elementor-element elementor-element-34477a4 elementor-widget__width-initial color-scheme-inherit text-left elementor-invisible elementor-widget elementor-widget-text-editor\" data-id=\"34477a4\" data-element_type=\"widget\" data-settings=\"{&quot;_animation&quot;:&quot;fadeInUp&quot;}\" data-widget_type=\"text-editor.default\">\n\t\t\t\t\t\t\t\t\t<p>Tequila Gran Casal\u00e1 Reposado es un tequila premium 100% agave azul Weber, sin aditivos, producido en nuestra destiler\u00eda semiartesanal. Utilizamos agaves cuidadosamente seleccionados de 6 a 8 a\u00f1os de edad, provenientes de nuestros huertos, y cocidos lentamente en hornos de mamposter\u00eda tradicionales con vapor suave. Posteriormente, el tequila reposa durante 6 meses en barricas de roble americano, lo que le confiere un color refinado, un car\u00e1cter suave y un perfil de sabor equilibrado. Un Reposado excepcional, reconocido por su calidad tanto a nivel nacional como internacional.<\/p>\t\t\t\t\t\t\t\t<\/div>\n\t\t\t\t<div class=\"elementor-element elementor-element-3c571df elementor-widget__width-initial color-scheme-inherit text-left elementor-invisible elementor-widget elementor-widget-text-editor\" data-id=\"3c571df\" data-element_type=\"widget\" data-settings=\"{&quot;_animation&quot;:&quot;fadeInUp&quot;}\" data-widget_type=\"text-editor.default\">\n\t\t\t\t\t\t\t\t\t<p>$79.99<\/p>\t\t\t\t\t\t\t\t<\/div>\n\t\t\t\t<div class=\"elementor-element elementor-element-9e25d9c elementor-invisible elementor-widget elementor-widget-html\" data-id=\"9e25d9c\" data-element_type=\"widget\" data-settings=\"{&quot;_animation&quot;:&quot;fadeInUp&quot;}\" data-widget_type=\"html.default\">\n\t\t\t\t\t<script type=\"text\/javascript\">\r\n(function (currentScript) {\r\n    window.BottleNexus ? BottleNexusInit() : loadScript();\r\n    function loadScript() {\r\n        var script = document.createElement('script');\r\n        script.async = true;\r\n        script.src = 'https:\/\/buybutton.bottlenexus.com\/buybutton.min.js?v=' + Date.now();\r\n        (document.getElementsByTagName('head')[0] || document.getElementsByTagName('body')[0]).appendChild(script);\r\n        script.onload = BottleNexusInit;\r\n    }\r\n    function BottleNexusInit() {\r\n        BottleNexus.init().createComponent({\r\n            currentScript: currentScript,\r\n            token: '40a4cd76-b4da-11f0-8d1a-0242ac110002',\r\n            id: 8917,\r\n            options: {\r\n                \"iframe\": true,\r\n                \"layout\": \"basic\",\r\n                \"behavior\": \"sidebar\",\r\n                \"buttonRadius\": 23,\r\n                \"buttonFontSize\": 16,\r\n\r\n                \/* FIXED HERE *\/\r\n                \"buttonWidth\": \"300px\",\r\n\r\n                \"buttonAlignment\": \"center\",\r\n                \"buttonText\": \"Add to Cart\",\r\n                \"buttonTextColor\": \"#000000\",\r\n                \"buttonBackground\": \"#C2A654\",\r\n                \"initialQuantity\": 1,\r\n                \"cartButtonRadius\": 5,\r\n                \"cartCheckoutBackgroundColor\": \"#c2a654\",\r\n                \"cartCheckoutBackgroundDisabledColor\": \"#B2B2B2\",\r\n                \"cartCheckoutTextColor\": \"#000000\",\r\n                \"cartHeadingText\": \"Cart\",\r\n                \"cartCheckoutText\": \"CHECKOUT\",\r\n                \"cartEmptyText\": \"No products added\",\r\n                \"cartAdditionalInformationText\": \"\",\r\n                \"cartBackgroundColor\": \"#FEFEFE\",\r\n                \"cartTextColor\": \"#000000\",\r\n                \"showInput\": true,\r\n                \"utm\": { \"source\": \"BuyButton\" },\r\n                \"donation\": \"no_donation\",\r\n                \"styles\": {\r\n                    \"[data-component='button']\": {\r\n                        \"font-weight\": \"bold\",\r\n                        \"background-color\": \"#C2A654\",\r\n                        \"color\": \"#ffffff\",\r\n                        \"border\": \"none\"\r\n                    },\r\n                    \"[data-component='button']:hover\": {\r\n                        \"font-weight\": \"bold\",\r\n                        \"background-color\": \"#000000\",\r\n                        \"color\": \"#ffffff\",\r\n                        \"border\": \"none\"\r\n                    },\r\n                    \"[data-component='toggle']\": {\r\n                        \"font-weight\": \"bold\",\r\n                        \"background-color\": \"#C2A654\",\r\n                        \"color\": \"#000000\"\r\n                    }\r\n                }\r\n            }\r\n        });\r\n    }\r\n})(document.currentScript);\r\n<\/script>\t\t\t\t<\/div>\n\t\t\t\t\t<\/div>\n\t\t\t\t<\/div>\n\t\t<div class=\"elementor-element elementor-element-d43a040 e-con-full e-flex elementor-invisible e-con e-child\" data-id=\"d43a040\" data-element_type=\"container\" data-settings=\"{&quot;animation&quot;:&quot;fadeIn&quot;}\">\n\t\t\t\t<div class=\"elementor-element elementor-element-926dadb animated-slow elementor-invisible elementor-widget elementor-widget-image\" data-id=\"926dadb\" data-element_type=\"widget\" data-settings=\"{&quot;_animation&quot;:&quot;rotateInDownRight&quot;}\" data-widget_type=\"image.default\">\n\t\t\t\t\t\t\t\t\t\t\t\t\t\t\t<img loading=\"lazy\" decoding=\"async\" width=\"643\" height=\"800\" src=\"https:\/\/grancasala.com\/wp-content\/uploads\/2025\/11\/TEQUILA-REPOSADO-TRANSPARENTE-1-scaled-e1764528175341-643x800.png\" class=\"attachment-large size-large wp-image-30646\" alt=\"\" srcset=\"https:\/\/grancasala.com\/wp-content\/uploads\/2025\/11\/TEQUILA-REPOSADO-TRANSPARENTE-1-scaled-e1764528175341-643x800.png 643w, https:\/\/grancasala.com\/wp-content\/uploads\/2025\/11\/TEQUILA-REPOSADO-TRANSPARENTE-1-scaled-e1764528175341-241x300.png 241w, https:\/\/grancasala.com\/wp-content\/uploads\/2025\/11\/TEQUILA-REPOSADO-TRANSPARENTE-1-scaled-e1764528175341-768x956.png 768w, https:\/\/grancasala.com\/wp-content\/uploads\/2025\/11\/TEQUILA-REPOSADO-TRANSPARENTE-1-scaled-e1764528175341-1234x1536.png 1234w, https:\/\/grancasala.com\/wp-content\/uploads\/2025\/11\/TEQUILA-REPOSADO-TRANSPARENTE-1-scaled-e1764528175341-430x535.png 430w, https:\/\/grancasala.com\/wp-content\/uploads\/2025\/11\/TEQUILA-REPOSADO-TRANSPARENTE-1-scaled-e1764528175341-700x871.png 700w, https:\/\/grancasala.com\/wp-content\/uploads\/2025\/11\/TEQUILA-REPOSADO-TRANSPARENTE-1-scaled-e1764528175341-150x187.png 150w, https:\/\/grancasala.com\/wp-content\/uploads\/2025\/11\/TEQUILA-REPOSADO-TRANSPARENTE-1-scaled-e1764528175341.png 1440w\" sizes=\"auto, (max-width: 643px) 100vw, 643px\" \/>\t\t\t\t\t\t\t\t\t\t\t\t\t\t\t<\/div>\n\t\t\t\t<\/div>\n\t\t\t\t<\/div>\n\t\t<div class=\"elementor-element elementor-element-54077db e-con-full wd-section-stretch-content e-flex e-con e-parent\" data-id=\"54077db\" data-element_type=\"container\" data-settings=\"{&quot;background_background&quot;:&quot;classic&quot;}\">\n\t\t<div class=\"wd-negative-gap elementor-element elementor-element-2bfad2f e-flex e-con-boxed e-con e-child\" data-id=\"2bfad2f\" data-element_type=\"container\">\n\t\t\t\t\t<div class=\"e-con-inner\">\n\t\t\t\t<div class=\"elementor-element elementor-element-60b36e3 elementor-widget__width-initial elementor-invisible elementor-widget elementor-widget-heading\" data-id=\"60b36e3\" data-element_type=\"widget\" data-settings=\"{&quot;_animation&quot;:&quot;fadeInUp&quot;}\" data-widget_type=\"heading.default\">\n\t\t\t\t\t<h2 class=\"elementor-heading-title elementor-size-default\">A\u00f1ejo<\/h2>\t\t\t\t<\/div>\n\t\t\t\t<div class=\"elementor-element elementor-element-207738d elementor-widget__width-initial elementor-widget-mobile__width-inherit elementor-invisible elementor-widget elementor-widget-image\" data-id=\"207738d\" data-element_type=\"widget\" data-settings=\"{&quot;_animation&quot;:&quot;fadeInUp&quot;}\" data-widget_type=\"image.default\">\n\t\t\t\t\t\t\t\t\t\t\t\t\t\t\t<img decoding=\"async\" src=\"https:\/\/grancasala.com\/wp-content\/uploads\/2025\/11\/Quotes-L1.avif\" title=\"\" alt=\"\" loading=\"lazy\" \/>\t\t\t\t\t\t\t\t\t\t\t\t\t\t\t<\/div>\n\t\t\t\t<div class=\"elementor-element elementor-element-40902e0 elementor-widget__width-initial color-scheme-inherit text-left elementor-invisible elementor-widget elementor-widget-text-editor\" data-id=\"40902e0\" data-element_type=\"widget\" data-settings=\"{&quot;_animation&quot;:&quot;fadeInUp&quot;}\" data-widget_type=\"text-editor.default\">\n\t\t\t\t\t\t\t\t\t<p>Tequila Gran Casal\u00e1 A\u00f1ejo es un tequila premium 100% agave azul Weber, sin aditivos, elaborado con meticuloso cuidado. Nuestros agaves, de 6 a 8 a\u00f1os de maduraci\u00f3n, se cuecen lentamente en hornos de mamposter\u00eda tradicionales para intensificar su sabor natural antes de a\u00f1ejarse durante 18 meses en barricas de roble franc\u00e9s. Este largo reposo le confiere un aroma intenso, un color elegante y un sabor suave y sofisticado. Un A\u00f1ejo refinado que destaca como una de las expresiones m\u00e1s excepcionales de su categor\u00eda.<\/p>\t\t\t\t\t\t\t\t<\/div>\n\t\t\t\t<div class=\"elementor-element elementor-element-f5b8343 elementor-widget__width-initial color-scheme-inherit text-left elementor-invisible elementor-widget elementor-widget-text-editor\" data-id=\"f5b8343\" data-element_type=\"widget\" data-settings=\"{&quot;_animation&quot;:&quot;fadeInUp&quot;}\" data-widget_type=\"text-editor.default\">\n\t\t\t\t\t\t\t\t\t<p>$109.99<\/p>\t\t\t\t\t\t\t\t<\/div>\n\t\t\t\t<div class=\"elementor-element elementor-element-9b9a4a7 elementor-invisible elementor-widget elementor-widget-html\" data-id=\"9b9a4a7\" data-element_type=\"widget\" data-settings=\"{&quot;_animation&quot;:&quot;fadeInUp&quot;}\" data-widget_type=\"html.default\">\n\t\t\t\t\t<script type=\"text\/javascript\">\r\n(function (currentScript) {\r\n    window.BottleNexus ? BottleNexusInit() : loadScript();\r\n    function loadScript() {\r\n        var script = document.createElement('script');\r\n        script.async = true;\r\n        script.src = 'https:\/\/buybutton.bottlenexus.com\/buybutton.min.js?v=' + Date.now();\r\n        (document.getElementsByTagName('head')[0] || document.getElementsByTagName('body')[0]).appendChild(script);\r\n        script.onload = BottleNexusInit;\r\n    }\r\n    function BottleNexusInit() {\r\n        BottleNexus.init().createComponent({\r\n            currentScript: currentScript,\r\n            token: '40a4cd76-b4da-11f0-8d1a-0242ac110002',\r\n            id: 8918,\r\n            options: {\r\n                \"iframe\": true,\r\n                \"layout\": \"basic\",\r\n                \"behavior\": \"sidebar\",\r\n                \"buttonRadius\": 23,\r\n                \"buttonFontSize\": 16,\r\n\r\n                \/* keep your original width *\/\r\n                \"buttonWidth\": 300,\r\n\r\n                \"buttonAlignment\": \"center\",\r\n\r\n                \/* CHANGED: Buy Now \u2192 Add to Cart *\/\r\n                \"buttonText\": \"Add to Cart\",\r\n\r\n                \"buttonTextColor\": \"#000000\",\r\n                \"buttonBackground\": \"#C2A654\",\r\n\r\n                \"initialQuantity\": 1,\r\n\r\n                \/* ENABLED FOR YOU *\/\r\n                \"showInput\": true,\r\n\r\n                \"cartButtonRadius\": 5,\r\n                \"cartCheckoutBackgroundColor\": \"#000000\",\r\n                \"cartCheckoutBackgroundDisabledColor\": \"#B2B2B2\",\r\n                \"cartCheckoutTextColor\": \"#FFFFFF\",\r\n                \"cartHeadingText\": \"Cart\",\r\n                \"cartCheckoutText\": \"CHECKOUT\",\r\n                \"cartEmptyText\": \"No products added\",\r\n                \"cartAdditionalInformationText\": \"\",\r\n                \"cartBackgroundColor\": \"#FEFEFE\",\r\n                \"cartTextColor\": \"#000000\",\r\n                \"utm\": { \"source\": \"BuyButton\" },\r\n                \"donation\": \"no_donation\",\r\n                \"styles\": {\r\n                    \"[data-component='button']\": {\r\n                        \"font-weight\": \"bold\",\r\n                        \"background-color\": \"#C2A654\",\r\n                        \"color\": \"#ffffff\",\r\n                        \"border\": \"none\"\r\n                    },\r\n                    \"[data-component='button']:hover\": {\r\n                        \"font-weight\": \"bold\",\r\n                        \"background-color\": \"#000000\",\r\n                        \"color\": \"#ffffff\",\r\n                        \"border\": \"none\"\r\n                    },\r\n                    \"[data-component='toggle']\": {\r\n                        \"font-weight\": \"bold\",\r\n                        \"background-color\": \"#C2A654\",\r\n                        \"color\": \"#000000\"\r\n                    }\r\n                }\r\n            }\r\n        });\r\n    }\r\n})(document.currentScript);\r\n<\/script>\t\t\t\t<\/div>\n\t\t\t\t\t<\/div>\n\t\t\t\t<\/div>\n\t\t<div class=\"elementor-element elementor-element-28b3aca e-con-full e-flex elementor-invisible e-con e-child\" data-id=\"28b3aca\" data-element_type=\"container\" data-settings=\"{&quot;animation&quot;:&quot;fadeIn&quot;}\">\n\t\t\t\t<div class=\"elementor-element elementor-element-928e364 animated-slow elementor-invisible elementor-widget elementor-widget-image\" data-id=\"928e364\" data-element_type=\"widget\" data-settings=\"{&quot;_animation&quot;:&quot;rotateInDownRight&quot;}\" data-widget_type=\"image.default\">\n\t\t\t\t\t\t\t\t\t\t\t\t\t\t\t<img loading=\"lazy\" decoding=\"async\" width=\"646\" height=\"800\" src=\"https:\/\/grancasala.com\/wp-content\/uploads\/2025\/11\/TEQUILA-ANEJO-1-2-e1764528225820-646x800.png\" class=\"attachment-large size-large wp-image-30647\" alt=\"\" srcset=\"https:\/\/grancasala.com\/wp-content\/uploads\/2025\/11\/TEQUILA-ANEJO-1-2-e1764528225820-646x800.png 646w, https:\/\/grancasala.com\/wp-content\/uploads\/2025\/11\/TEQUILA-ANEJO-1-2-e1764528225820-242x300.png 242w, https:\/\/grancasala.com\/wp-content\/uploads\/2025\/11\/TEQUILA-ANEJO-1-2-e1764528225820-768x951.png 768w, https:\/\/grancasala.com\/wp-content\/uploads\/2025\/11\/TEQUILA-ANEJO-1-2-e1764528225820-430x533.png 430w, https:\/\/grancasala.com\/wp-content\/uploads\/2025\/11\/TEQUILA-ANEJO-1-2-e1764528225820-700x867.png 700w, https:\/\/grancasala.com\/wp-content\/uploads\/2025\/11\/TEQUILA-ANEJO-1-2-e1764528225820-150x186.png 150w, https:\/\/grancasala.com\/wp-content\/uploads\/2025\/11\/TEQUILA-ANEJO-1-2-e1764528225820.png 1080w\" sizes=\"auto, (max-width: 646px) 100vw, 646px\" \/>\t\t\t\t\t\t\t\t\t\t\t\t\t\t\t<\/div>\n\t\t\t\t<\/div>\n\t\t\t\t<\/div>\n\t\t\t\t<\/div>\n\t\t","protected":false},"excerpt":{"rendered":"<p>Comprar EE. UU. BLANCO Tequila Gran Casal\u00e1 Blanco es un tequila artesanal, sin aditivos, elaborado con 100% agave azul Weber.<\/p>\n","protected":false},"author":2,"featured_media":0,"parent":0,"menu_order":0,"comment_status":"closed","ping_status":"closed","template":"","meta":{"footnotes":""},"class_list":["post-30289","page","type-page","status-publish","hentry"],"_hostinger_reach_plugin_has_subscription_block":false,"_hostinger_reach_plugin_is_elementor":false,"_links":{"self":[{"href":"https:\/\/grancasala.com\/es\/wp-json\/wp\/v2\/pages\/30289","targetHints":{"allow":["GET"]}}],"collection":[{"href":"https:\/\/grancasala.com\/es\/wp-json\/wp\/v2\/pages"}],"about":[{"href":"https:\/\/grancasala.com\/es\/wp-json\/wp\/v2\/types\/page"}],"author":[{"embeddable":true,"href":"https:\/\/grancasala.com\/es\/wp-json\/wp\/v2\/users\/2"}],"replies":[{"embeddable":true,"href":"https:\/\/grancasala.com\/es\/wp-json\/wp\/v2\/comments?post=30289"}],"version-history":[{"count":38,"href":"https:\/\/grancasala.com\/es\/wp-json\/wp\/v2\/pages\/30289\/revisions"}],"predecessor-version":[{"id":31655,"href":"https:\/\/grancasala.com\/es\/wp-json\/wp\/v2\/pages\/30289\/revisions\/31655"}],"wp:attachment":[{"href":"https:\/\/grancasala.com\/es\/wp-json\/wp\/v2\/media?parent=30289"}],"curies":[{"name":"wp","href":"https:\/\/api.w.org\/{rel}","templated":true}]}}