{"id":30030,"date":"2025-11-11T07:22:21","date_gmt":"2025-11-11T07:22:21","guid":{"rendered":"https:\/\/grancasala.com\/tienda-mexico\/"},"modified":"2026-03-29T07:18:13","modified_gmt":"2026-03-29T07:18:13","slug":"tienda-mexico","status":"publish","type":"page","link":"https:\/\/grancasala.com\/es\/tienda-mexico\/","title":{"rendered":"Tienda M\u00e9xico"},"content":{"rendered":"\t\t<div data-elementor-type=\"wp-page\" data-elementor-id=\"30030\" class=\"elementor elementor-30030 elementor-29686\">\n\t\t\t\t<div class=\"elementor-element elementor-element-7e0885d e-con-full wd-section-stretch-content e-flex e-con e-parent\" data-id=\"7e0885d\" data-element_type=\"container\" data-settings=\"{&quot;background_background&quot;:&quot;classic&quot;}\">\n\t\t\t\t<div class=\"elementor-element elementor-element-f518535 elementor-invisible elementor-widget elementor-widget-heading\" data-id=\"f518535\" data-element_type=\"widget\" data-settings=\"{&quot;_animation&quot;:&quot;fadeInUp&quot;}\" data-widget_type=\"heading.default\">\n\t\t\t\t\t<h2 class=\"elementor-heading-title elementor-size-default\">Comprar M\u00e9xico<\/h2>\t\t\t\t<\/div>\n\t\t\t\t<div class=\"elementor-element elementor-element-a7c8245 elementor-invisible elementor-widget elementor-widget-image\" data-id=\"a7c8245\" data-element_type=\"widget\" data-settings=\"{&quot;_animation&quot;:&quot;fadeInUp&quot;}\" data-widget_type=\"image.default\">\n\t\t\t\t\t\t\t\t\t\t\t\t\t\t\t<img decoding=\"async\" src=\"https:\/\/grancasala.com\/wp-content\/uploads\/2025\/11\/Quotes-L1.avif\" title=\"\" alt=\"\" loading=\"lazy\" \/>\t\t\t\t\t\t\t\t\t\t\t\t\t\t\t<\/div>\n\t\t<div class=\"wd-negative-gap elementor-element elementor-element-109a348 e-flex e-con-boxed e-con e-child\" data-id=\"109a348\" data-element_type=\"container\">\n\t\t\t\t\t<div class=\"e-con-inner\">\n\t\t<div class=\"elementor-element elementor-element-aeb4cfa e-con-full e-flex e-con e-child\" data-id=\"aeb4cfa\" data-element_type=\"container\">\n\t\t\t\t<div class=\"elementor-element elementor-element-f820fc0 elementor-widget__width-initial elementor-invisible elementor-widget elementor-widget-image\" data-id=\"f820fc0\" data-element_type=\"widget\" data-settings=\"{&quot;_animation&quot;:&quot;wd-anim-top-flip-x&quot;}\" data-widget_type=\"image.default\">\n\t\t\t\t\t\t\t\t\t\t\t\t\t\t\t<img loading=\"lazy\" decoding=\"async\" width=\"910\" height=\"800\" src=\"https:\/\/grancasala.com\/wp-content\/uploads\/2025\/11\/PHOTO-2025-05-02-12-15-08-1-e1764135905723-910x800.png\" class=\"attachment-large size-large wp-image-30613\" alt=\"\" srcset=\"https:\/\/grancasala.com\/wp-content\/uploads\/2025\/11\/PHOTO-2025-05-02-12-15-08-1-e1764135905723-910x800.png 910w, https:\/\/grancasala.com\/wp-content\/uploads\/2025\/11\/PHOTO-2025-05-02-12-15-08-1-e1764135905723-341x300.png 341w, https:\/\/grancasala.com\/wp-content\/uploads\/2025\/11\/PHOTO-2025-05-02-12-15-08-1-e1764135905723-768x675.png 768w, https:\/\/grancasala.com\/wp-content\/uploads\/2025\/11\/PHOTO-2025-05-02-12-15-08-1-e1764135905723-430x378.png 430w, https:\/\/grancasala.com\/wp-content\/uploads\/2025\/11\/PHOTO-2025-05-02-12-15-08-1-e1764135905723-700x615.png 700w, https:\/\/grancasala.com\/wp-content\/uploads\/2025\/11\/PHOTO-2025-05-02-12-15-08-1-e1764135905723-150x132.png 150w, https:\/\/grancasala.com\/wp-content\/uploads\/2025\/11\/PHOTO-2025-05-02-12-15-08-1-e1764135905723.png 1356w\" sizes=\"auto, (max-width: 910px) 100vw, 910px\" \/>\t\t\t\t\t\t\t\t\t\t\t\t\t\t\t<\/div>\n\t\t<div class=\"elementor-element elementor-element-22cd2ae e-con-full e-flex e-con e-child\" data-id=\"22cd2ae\" data-element_type=\"container\">\n\t\t\t\t<div class=\"elementor-element elementor-element-1eb55d8 elementor-invisible elementor-widget elementor-widget-wd_button\" data-id=\"1eb55d8\" data-element_type=\"widget\" data-settings=\"{&quot;_animation&quot;:&quot;fadeInUp&quot;}\" data-widget_type=\"wd_button.default\">\n\t\t\t\t<div class=\"elementor-widget-container\">\n\t\t\t\t\t\t\t<div class=\"wd-button-wrapper text-center\" >\n\t\t\t<a class=\"btn btn-style-bordered btn-shape-round btn-size-default btn-color-primary btn-icon-pos-right\"  href=\"https:\/\/grancasala.store\/\" target=\"_blank\">\n\t\t\t\t<span class=\"wd-btn-text\" data-elementor-setting-key=\"text\">\n\t\t\t\t\tCompra en la tienda oficial de Gran Casal\u00e1 M\u00e9xico\t\t\t\t<\/span>\n\n\t\t\t\t\t\t\t<\/a>\n\t\t<\/div>\n\t\t\t\t\t\t<\/div>\n\t\t\t\t<\/div>\n\t\t\t\t<\/div>\n\t\t\t\t<\/div>\n\t\t\t\t\t<\/div>\n\t\t\t\t<\/div>\n\t\t<div class=\"wd-negative-gap elementor-element elementor-element-6fdcc10 e-flex e-con-boxed e-con e-child\" data-id=\"6fdcc10\" data-element_type=\"container\">\n\t\t\t\t\t<div class=\"e-con-inner\">\n\t\t<div class=\"elementor-element elementor-element-2b612b1 e-con-full e-flex e-con e-child\" data-id=\"2b612b1\" data-element_type=\"container\">\n\t\t\t\t<div class=\"elementor-element elementor-element-66022a4 elementor-invisible elementor-widget elementor-widget-image\" data-id=\"66022a4\" data-element_type=\"widget\" data-settings=\"{&quot;_animation&quot;:&quot;wd-anim-top-flip-x&quot;}\" data-widget_type=\"image.default\">\n\t\t\t\t\t\t\t\t\t\t\t\t\t\t\t<img loading=\"lazy\" decoding=\"async\" width=\"603\" height=\"182\" src=\"https:\/\/grancasala.com\/wp-content\/uploads\/2025\/11\/Amazon_logo.png\" class=\"attachment-large size-large wp-image-30404\" alt=\"\" srcset=\"https:\/\/grancasala.com\/wp-content\/uploads\/2025\/11\/Amazon_logo.png 603w, https:\/\/grancasala.com\/wp-content\/uploads\/2025\/11\/Amazon_logo-400x121.png 400w, https:\/\/grancasala.com\/wp-content\/uploads\/2025\/11\/Amazon_logo-430x130.png 430w, https:\/\/grancasala.com\/wp-content\/uploads\/2025\/11\/Amazon_logo-150x45.png 150w\" sizes=\"auto, (max-width: 603px) 100vw, 603px\" \/>\t\t\t\t\t\t\t\t\t\t\t\t\t\t\t<\/div>\n\t\t<div class=\"elementor-element elementor-element-c316431 e-con-full e-flex e-con e-child\" data-id=\"c316431\" data-element_type=\"container\">\n\t\t\t\t<div class=\"elementor-element elementor-element-7ee70db elementor-widget elementor-widget-wd_button\" data-id=\"7ee70db\" data-element_type=\"widget\" data-widget_type=\"wd_button.default\">\n\t\t\t\t<div class=\"elementor-widget-container\">\n\t\t\t\t\t\t\t<div class=\"wd-button-wrapper text-center\" >\n\t\t\t<a class=\"btn btn-style-bordered btn-shape-round btn-size-default btn-color-primary btn-icon-pos-right\"  href=\"https:\/\/www.amazon.com.mx\/dp\/B0DPBFHYJ5\" target=\"_blank\">\n\t\t\t\t<span class=\"wd-btn-text\" data-elementor-setting-key=\"text\">\n\t\t\t\t\tTienda Blanco\t\t\t\t<\/span>\n\n\t\t\t\t\t\t\t<\/a>\n\t\t<\/div>\n\t\t\t\t\t\t<\/div>\n\t\t\t\t<\/div>\n\t\t\t\t<div class=\"elementor-element elementor-element-9bf5704 elementor-widget elementor-widget-wd_button\" data-id=\"9bf5704\" data-element_type=\"widget\" data-widget_type=\"wd_button.default\">\n\t\t\t\t<div class=\"elementor-widget-container\">\n\t\t\t\t\t\t\t<div class=\"wd-button-wrapper text-center\" >\n\t\t\t<a class=\"btn btn-style-bordered btn-shape-round btn-size-default btn-color-primary btn-icon-pos-right\"  href=\"https:\/\/www.amazon.com.mx\/dp\/B0DPBF6LH5\" target=\"_blank\">\n\t\t\t\t<span class=\"wd-btn-text\" data-elementor-setting-key=\"text\">\n\t\t\t\t\tTienda Reposado\t\t\t\t<\/span>\n\n\t\t\t\t\t\t\t<\/a>\n\t\t<\/div>\n\t\t\t\t\t\t<\/div>\n\t\t\t\t<\/div>\n\t\t\t\t<div class=\"elementor-element elementor-element-e31ca20 elementor-widget elementor-widget-wd_button\" data-id=\"e31ca20\" data-element_type=\"widget\" data-widget_type=\"wd_button.default\">\n\t\t\t\t<div class=\"elementor-widget-container\">\n\t\t\t\t\t\t\t<div class=\"wd-button-wrapper text-center\" >\n\t\t\t<a class=\"btn btn-style-bordered btn-shape-round btn-size-default btn-color-primary btn-icon-pos-right\"  href=\"https:\/\/www.amazon.com.mx\/dp\/B0DPBDSPVQ\" target=\"_blank\">\n\t\t\t\t<span class=\"wd-btn-text\" data-elementor-setting-key=\"text\">\n\t\t\t\t\tTienda A\u00f1ejo\t\t\t\t<\/span>\n\n\t\t\t\t\t\t\t<\/a>\n\t\t<\/div>\n\t\t\t\t\t\t<\/div>\n\t\t\t\t<\/div>\n\t\t\t\t<\/div>\n\t\t\t\t<\/div>\n\t\t<div class=\"elementor-element elementor-element-7692341 e-con-full e-flex e-con e-child\" data-id=\"7692341\" data-element_type=\"container\">\n\t\t\t\t<div class=\"elementor-element elementor-element-513cdf8 elementor-invisible elementor-widget elementor-widget-image\" data-id=\"513cdf8\" data-element_type=\"widget\" data-settings=\"{&quot;_animation&quot;:&quot;wd-anim-top-flip-x&quot;}\" data-widget_type=\"image.default\">\n\t\t\t\t\t\t\t\t\t\t\t\t\t\t\t<img loading=\"lazy\" decoding=\"async\" width=\"603\" height=\"182\" src=\"https:\/\/grancasala.com\/wp-content\/uploads\/2025\/11\/mercado-libra.png\" class=\"attachment-large size-large wp-image-30408\" alt=\"\" srcset=\"https:\/\/grancasala.com\/wp-content\/uploads\/2025\/11\/mercado-libra.png 603w, https:\/\/grancasala.com\/wp-content\/uploads\/2025\/11\/mercado-libra-400x121.png 400w, https:\/\/grancasala.com\/wp-content\/uploads\/2025\/11\/mercado-libra-430x130.png 430w, https:\/\/grancasala.com\/wp-content\/uploads\/2025\/11\/mercado-libra-150x45.png 150w\" sizes=\"auto, (max-width: 603px) 100vw, 603px\" \/>\t\t\t\t\t\t\t\t\t\t\t\t\t\t\t<\/div>\n\t\t<div class=\"elementor-element elementor-element-89b62f5 e-con-full e-flex e-con e-child\" data-id=\"89b62f5\" data-element_type=\"container\">\n\t\t\t\t<div class=\"elementor-element elementor-element-1e57618 elementor-widget elementor-widget-wd_button\" data-id=\"1e57618\" data-element_type=\"widget\" data-widget_type=\"wd_button.default\">\n\t\t\t\t<div class=\"elementor-widget-container\">\n\t\t\t\t\t\t\t<div class=\"wd-button-wrapper text-center\" >\n\t\t\t<a class=\"btn btn-style-bordered btn-shape-round btn-size-default btn-color-primary btn-icon-pos-right\"  href=\"https:\/\/articulo.mercadolibre.com.mx\/MLM-2195878591-tequila-gran-casala-blanco-750-ml-_JM\" target=\"_blank\">\n\t\t\t\t<span class=\"wd-btn-text\" data-elementor-setting-key=\"text\">\n\t\t\t\t\tTienda Blanco\t\t\t\t<\/span>\n\n\t\t\t\t\t\t\t<\/a>\n\t\t<\/div>\n\t\t\t\t\t\t<\/div>\n\t\t\t\t<\/div>\n\t\t\t\t<div class=\"elementor-element elementor-element-d5798a8 elementor-widget elementor-widget-wd_button\" data-id=\"d5798a8\" data-element_type=\"widget\" data-widget_type=\"wd_button.default\">\n\t\t\t\t<div class=\"elementor-widget-container\">\n\t\t\t\t\t\t\t<div class=\"wd-button-wrapper text-center\" >\n\t\t\t<a class=\"btn btn-style-bordered btn-shape-round btn-size-default btn-color-primary btn-icon-pos-right\"  href=\"https:\/\/articulo.mercadolibre.com.mx\/MLM-3482577886-tequila-gran-casala-reposado-750-ml-_JM\" target=\"_blank\">\n\t\t\t\t<span class=\"wd-btn-text\" data-elementor-setting-key=\"text\">\n\t\t\t\t\tTienda Reposado\t\t\t\t<\/span>\n\n\t\t\t\t\t\t\t<\/a>\n\t\t<\/div>\n\t\t\t\t\t\t<\/div>\n\t\t\t\t<\/div>\n\t\t\t\t<div class=\"elementor-element elementor-element-2a7ee7c elementor-widget elementor-widget-wd_button\" data-id=\"2a7ee7c\" data-element_type=\"widget\" data-widget_type=\"wd_button.default\">\n\t\t\t\t<div class=\"elementor-widget-container\">\n\t\t\t\t\t\t\t<div class=\"wd-button-wrapper text-center\" >\n\t\t\t<a class=\"btn btn-style-bordered btn-shape-round btn-size-default btn-color-primary btn-icon-pos-right\"  href=\"https:\/\/articulo.mercadolibre.com.mx\/MLM-2195921557-tequila-gran-casala-anejo-750-ml-_JM\" target=\"_blank\">\n\t\t\t\t<span class=\"wd-btn-text\" data-elementor-setting-key=\"text\">\n\t\t\t\t\tTienda A\u00f1ejo\t\t\t\t<\/span>\n\n\t\t\t\t\t\t\t<\/a>\n\t\t<\/div>\n\t\t\t\t\t\t<\/div>\n\t\t\t\t<\/div>\n\t\t\t\t<\/div>\n\t\t\t\t<\/div>\n\t\t\t\t\t<\/div>\n\t\t\t\t<\/div>\n\t\t<div class=\"wd-negative-gap elementor-element elementor-element-fe2f4f7 e-flex e-con-boxed e-con e-child\" data-id=\"fe2f4f7\" data-element_type=\"container\">\n\t\t\t\t\t<div class=\"e-con-inner\">\n\t\t<div class=\"elementor-element elementor-element-6f8f926 e-con-full e-flex e-con e-child\" data-id=\"6f8f926\" data-element_type=\"container\">\n\t\t\t\t<div class=\"elementor-element elementor-element-43cdc7a elementor-invisible elementor-widget elementor-widget-image\" data-id=\"43cdc7a\" data-element_type=\"widget\" data-settings=\"{&quot;_animation&quot;:&quot;wd-anim-top-flip-x&quot;}\" data-widget_type=\"image.default\">\n\t\t\t\t\t\t\t\t\t\t\t\t\t\t\t<img loading=\"lazy\" decoding=\"async\" width=\"603\" height=\"182\" src=\"https:\/\/grancasala.com\/wp-content\/uploads\/2025\/11\/walmart.png\" class=\"attachment-large size-large wp-image-30407\" alt=\"\" srcset=\"https:\/\/grancasala.com\/wp-content\/uploads\/2025\/11\/walmart.png 603w, https:\/\/grancasala.com\/wp-content\/uploads\/2025\/11\/walmart-400x121.png 400w, https:\/\/grancasala.com\/wp-content\/uploads\/2025\/11\/walmart-430x130.png 430w, https:\/\/grancasala.com\/wp-content\/uploads\/2025\/11\/walmart-150x45.png 150w\" sizes=\"auto, (max-width: 603px) 100vw, 603px\" \/>\t\t\t\t\t\t\t\t\t\t\t\t\t\t\t<\/div>\n\t\t<div class=\"elementor-element elementor-element-10e8007 e-con-full e-flex e-con e-child\" data-id=\"10e8007\" data-element_type=\"container\">\n\t\t\t\t<div class=\"elementor-element elementor-element-e131ad6 elementor-widget elementor-widget-wd_button\" data-id=\"e131ad6\" data-element_type=\"widget\" data-widget_type=\"wd_button.default\">\n\t\t\t\t<div class=\"elementor-widget-container\">\n\t\t\t\t\t\t\t<div class=\"wd-button-wrapper text-center\" >\n\t\t\t<a class=\"btn btn-style-bordered btn-shape-round btn-size-default btn-color-primary btn-icon-pos-right\"  href=\"https:\/\/www.walmart.com.mx\/ip\/articulo\/00073637232667\" target=\"_blank\">\n\t\t\t\t<span class=\"wd-btn-text\" data-elementor-setting-key=\"text\">\n\t\t\t\t\tTienda Blanco\t\t\t\t<\/span>\n\n\t\t\t\t\t\t\t<\/a>\n\t\t<\/div>\n\t\t\t\t\t\t<\/div>\n\t\t\t\t<\/div>\n\t\t\t\t<div class=\"elementor-element elementor-element-a87552b elementor-widget elementor-widget-wd_button\" data-id=\"a87552b\" data-element_type=\"widget\" data-widget_type=\"wd_button.default\">\n\t\t\t\t<div class=\"elementor-widget-container\">\n\t\t\t\t\t\t\t<div class=\"wd-button-wrapper text-center\" >\n\t\t\t<a class=\"btn btn-style-bordered btn-shape-round btn-size-default btn-color-primary btn-icon-pos-right\"  href=\"https:\/\/www.walmart.com.mx\/ip\/articulo\/00073637232668\" target=\"_blank\">\n\t\t\t\t<span class=\"wd-btn-text\" data-elementor-setting-key=\"text\">\n\t\t\t\t\tTienda Reposado\t\t\t\t<\/span>\n\n\t\t\t\t\t\t\t<\/a>\n\t\t<\/div>\n\t\t\t\t\t\t<\/div>\n\t\t\t\t<\/div>\n\t\t\t\t<div class=\"elementor-element elementor-element-072ba29 elementor-widget elementor-widget-wd_button\" data-id=\"072ba29\" data-element_type=\"widget\" data-widget_type=\"wd_button.default\">\n\t\t\t\t<div class=\"elementor-widget-container\">\n\t\t\t\t\t\t\t<div class=\"wd-button-wrapper text-center\" >\n\t\t\t<a class=\"btn btn-style-bordered btn-shape-round btn-size-default btn-color-primary btn-icon-pos-right\"  href=\"https:\/\/www.walmart.com.mx\/ip\/articulo\/00073637232669\" target=\"_blank\">\n\t\t\t\t<span class=\"wd-btn-text\" data-elementor-setting-key=\"text\">\n\t\t\t\t\tTienda A\u00f1ejo\t\t\t\t<\/span>\n\n\t\t\t\t\t\t\t<\/a>\n\t\t<\/div>\n\t\t\t\t\t\t<\/div>\n\t\t\t\t<\/div>\n\t\t\t\t<\/div>\n\t\t\t\t<\/div>\n\t\t<div class=\"elementor-element elementor-element-39688d2 e-con-full e-flex e-con e-child\" data-id=\"39688d2\" data-element_type=\"container\">\n\t\t\t\t<div class=\"elementor-element elementor-element-fa72558 elementor-invisible elementor-widget elementor-widget-image\" data-id=\"fa72558\" data-element_type=\"widget\" data-settings=\"{&quot;_animation&quot;:&quot;wd-anim-top-flip-x&quot;}\" data-widget_type=\"image.default\">\n\t\t\t\t\t\t\t\t\t\t\t\t\t\t\t<img loading=\"lazy\" decoding=\"async\" width=\"603\" height=\"182\" src=\"https:\/\/grancasala.com\/wp-content\/uploads\/2025\/11\/sears.png\" class=\"attachment-large size-large wp-image-30411\" alt=\"\" srcset=\"https:\/\/grancasala.com\/wp-content\/uploads\/2025\/11\/sears.png 603w, https:\/\/grancasala.com\/wp-content\/uploads\/2025\/11\/sears-400x121.png 400w, https:\/\/grancasala.com\/wp-content\/uploads\/2025\/11\/sears-430x130.png 430w, https:\/\/grancasala.com\/wp-content\/uploads\/2025\/11\/sears-150x45.png 150w\" sizes=\"auto, (max-width: 603px) 100vw, 603px\" \/>\t\t\t\t\t\t\t\t\t\t\t\t\t\t\t<\/div>\n\t\t<div class=\"elementor-element elementor-element-6605fc8 e-con-full e-flex e-con e-child\" data-id=\"6605fc8\" data-element_type=\"container\">\n\t\t\t\t<div class=\"elementor-element elementor-element-05f2ff1 elementor-widget elementor-widget-wd_button\" data-id=\"05f2ff1\" data-element_type=\"widget\" data-widget_type=\"wd_button.default\">\n\t\t\t\t<div class=\"elementor-widget-container\">\n\t\t\t\t\t\t\t<div class=\"wd-button-wrapper text-center\" >\n\t\t\t<a class=\"btn btn-style-bordered btn-shape-round btn-size-default btn-color-primary btn-icon-pos-right\"  href=\"https:\/\/www.sears.com.mx\/producto\/3422689\/tequila-gran-casala-blanco-750-ml\/\" target=\"_blank\">\n\t\t\t\t<span class=\"wd-btn-text\" data-elementor-setting-key=\"text\">\n\t\t\t\t\tTienda Blanco\t\t\t\t<\/span>\n\n\t\t\t\t\t\t\t<\/a>\n\t\t<\/div>\n\t\t\t\t\t\t<\/div>\n\t\t\t\t<\/div>\n\t\t\t\t<div class=\"elementor-element elementor-element-7772782 elementor-widget elementor-widget-wd_button\" data-id=\"7772782\" data-element_type=\"widget\" data-widget_type=\"wd_button.default\">\n\t\t\t\t<div class=\"elementor-widget-container\">\n\t\t\t\t\t\t\t<div class=\"wd-button-wrapper text-center\" >\n\t\t\t<a class=\"btn btn-style-bordered btn-shape-round btn-size-default btn-color-primary btn-icon-pos-right\"  href=\"https:\/\/www.sears.com.mx\/producto\/3422704\/tequila-gran-casala-reposado-750-ml\/\" target=\"_blank\">\n\t\t\t\t<span class=\"wd-btn-text\" data-elementor-setting-key=\"text\">\n\t\t\t\t\tTienda Reposado\t\t\t\t<\/span>\n\n\t\t\t\t\t\t\t<\/a>\n\t\t<\/div>\n\t\t\t\t\t\t<\/div>\n\t\t\t\t<\/div>\n\t\t\t\t<div class=\"elementor-element elementor-element-3a0acc9 elementor-widget elementor-widget-wd_button\" data-id=\"3a0acc9\" data-element_type=\"widget\" data-widget_type=\"wd_button.default\">\n\t\t\t\t<div class=\"elementor-widget-container\">\n\t\t\t\t\t\t\t<div class=\"wd-button-wrapper text-center\" >\n\t\t\t<a class=\"btn btn-style-bordered btn-shape-round btn-size-default btn-color-primary btn-icon-pos-right\"  href=\"https:\/\/www.sears.com.mx\/producto\/3422727\/tequila-gran-casala-anejo-750-ml\/\" target=\"_blank\">\n\t\t\t\t<span class=\"wd-btn-text\" data-elementor-setting-key=\"text\">\n\t\t\t\t\tTienda A\u00f1ejo\t\t\t\t<\/span>\n\n\t\t\t\t\t\t\t<\/a>\n\t\t<\/div>\n\t\t\t\t\t\t<\/div>\n\t\t\t\t<\/div>\n\t\t\t\t<\/div>\n\t\t\t\t<\/div>\n\t\t\t\t\t<\/div>\n\t\t\t\t<\/div>\n\t\t<div class=\"wd-negative-gap elementor-element elementor-element-8083b19 e-flex e-con-boxed e-con e-child\" data-id=\"8083b19\" data-element_type=\"container\">\n\t\t\t\t\t<div class=\"e-con-inner\">\n\t\t<div class=\"elementor-element elementor-element-e806dca e-con-full e-flex e-con e-child\" data-id=\"e806dca\" data-element_type=\"container\">\n\t\t\t\t<div class=\"elementor-element elementor-element-64548c1 elementor-invisible elementor-widget elementor-widget-image\" data-id=\"64548c1\" data-element_type=\"widget\" data-settings=\"{&quot;_animation&quot;:&quot;wd-anim-top-flip-x&quot;}\" data-widget_type=\"image.default\">\n\t\t\t\t\t\t\t\t\t\t\t\t\t\t\t<img loading=\"lazy\" decoding=\"async\" width=\"603\" height=\"182\" src=\"https:\/\/grancasala.com\/wp-content\/uploads\/2025\/11\/Untitled-design.png\" class=\"attachment-large size-large wp-image-30410\" alt=\"\" srcset=\"https:\/\/grancasala.com\/wp-content\/uploads\/2025\/11\/Untitled-design.png 603w, https:\/\/grancasala.com\/wp-content\/uploads\/2025\/11\/Untitled-design-400x121.png 400w, https:\/\/grancasala.com\/wp-content\/uploads\/2025\/11\/Untitled-design-430x130.png 430w, https:\/\/grancasala.com\/wp-content\/uploads\/2025\/11\/Untitled-design-150x45.png 150w\" sizes=\"auto, (max-width: 603px) 100vw, 603px\" \/>\t\t\t\t\t\t\t\t\t\t\t\t\t\t\t<\/div>\n\t\t<div class=\"elementor-element elementor-element-558a8db e-con-full e-flex e-con e-child\" data-id=\"558a8db\" data-element_type=\"container\">\n\t\t\t\t<div class=\"elementor-element elementor-element-7d33929 elementor-widget elementor-widget-wd_button\" data-id=\"7d33929\" data-element_type=\"widget\" data-widget_type=\"wd_button.default\">\n\t\t\t\t<div class=\"elementor-widget-container\">\n\t\t\t\t\t\t\t<div class=\"wd-button-wrapper text-center\" >\n\t\t\t<a class=\"btn btn-style-bordered btn-shape-round btn-size-default btn-color-primary btn-icon-pos-right\"  href=\"https:\/\/www.bodegaaurrera.com.mx\/ip\/licores-y-destilados\/tequila-gran-casala-blanco-750-ml-gran-casala-tequila-blanco\/00073637232667?selectedSellerId=1&#038;from=\/search\" target=\"_blank\">\n\t\t\t\t<span class=\"wd-btn-text\" data-elementor-setting-key=\"text\">\n\t\t\t\t\tTienda Blanco\t\t\t\t<\/span>\n\n\t\t\t\t\t\t\t<\/a>\n\t\t<\/div>\n\t\t\t\t\t\t<\/div>\n\t\t\t\t<\/div>\n\t\t\t\t<div class=\"elementor-element elementor-element-fac173a elementor-widget elementor-widget-wd_button\" data-id=\"fac173a\" data-element_type=\"widget\" data-widget_type=\"wd_button.default\">\n\t\t\t\t<div class=\"elementor-widget-container\">\n\t\t\t\t\t\t\t<div class=\"wd-button-wrapper text-center\" >\n\t\t\t<a class=\"btn btn-style-bordered btn-shape-round btn-size-default btn-color-primary btn-icon-pos-right\"  href=\"https:\/\/www.bodegaaurrera.com.mx\/ip\/licores-y-destilados\/tequila-gran-casala-reposado-750-ml-gran-casala-tequila-reposado\/00073637232668?selectedSellerId=1&#038;from=\/search\" target=\"_blank\">\n\t\t\t\t<span class=\"wd-btn-text\" data-elementor-setting-key=\"text\">\n\t\t\t\t\tTienda Reposado\t\t\t\t<\/span>\n\n\t\t\t\t\t\t\t<\/a>\n\t\t<\/div>\n\t\t\t\t\t\t<\/div>\n\t\t\t\t<\/div>\n\t\t\t\t<div class=\"elementor-element elementor-element-1bfa013 elementor-widget elementor-widget-wd_button\" data-id=\"1bfa013\" data-element_type=\"widget\" data-widget_type=\"wd_button.default\">\n\t\t\t\t<div class=\"elementor-widget-container\">\n\t\t\t\t\t\t\t<div class=\"wd-button-wrapper text-center\" >\n\t\t\t<a class=\"btn btn-style-bordered btn-shape-round btn-size-default btn-color-primary btn-icon-pos-right\"  href=\"https:\/\/www.bodegaaurrera.com.mx\/ip\/licores-y-destilados\/tequila-gran-casala-anejo-750-ml-gran-casala-tequila-anejo\/00073637232669?selectedSellerId=1&#038;from=\/search\" target=\"_blank\">\n\t\t\t\t<span class=\"wd-btn-text\" data-elementor-setting-key=\"text\">\n\t\t\t\t\tTienda A\u00f1ejo\t\t\t\t<\/span>\n\n\t\t\t\t\t\t\t<\/a>\n\t\t<\/div>\n\t\t\t\t\t\t<\/div>\n\t\t\t\t<\/div>\n\t\t\t\t<\/div>\n\t\t\t\t<\/div>\n\t\t<div class=\"elementor-element elementor-element-857798c e-con-full e-flex e-con e-child\" data-id=\"857798c\" data-element_type=\"container\">\n\t\t\t\t<div class=\"elementor-element elementor-element-38aeb94 elementor-invisible elementor-widget elementor-widget-image\" data-id=\"38aeb94\" data-element_type=\"widget\" data-settings=\"{&quot;_animation&quot;:&quot;wd-anim-top-flip-x&quot;}\" data-widget_type=\"image.default\">\n\t\t\t\t\t\t\t\t\t\t\t\t\t\t\t<img loading=\"lazy\" decoding=\"async\" width=\"603\" height=\"182\" src=\"https:\/\/grancasala.com\/wp-content\/uploads\/2025\/11\/Untitled-design-3.png\" class=\"attachment-large size-large wp-image-30409\" alt=\"\" srcset=\"https:\/\/grancasala.com\/wp-content\/uploads\/2025\/11\/Untitled-design-3.png 603w, https:\/\/grancasala.com\/wp-content\/uploads\/2025\/11\/Untitled-design-3-400x121.png 400w, https:\/\/grancasala.com\/wp-content\/uploads\/2025\/11\/Untitled-design-3-430x130.png 430w, https:\/\/grancasala.com\/wp-content\/uploads\/2025\/11\/Untitled-design-3-150x45.png 150w\" sizes=\"auto, (max-width: 603px) 100vw, 603px\" \/>\t\t\t\t\t\t\t\t\t\t\t\t\t\t\t<\/div>\n\t\t<div class=\"elementor-element elementor-element-d97984c e-con-full e-flex e-con e-child\" data-id=\"d97984c\" data-element_type=\"container\">\n\t\t\t\t<div class=\"elementor-element elementor-element-24f93f8 elementor-widget elementor-widget-wd_button\" data-id=\"24f93f8\" data-element_type=\"widget\" data-widget_type=\"wd_button.default\">\n\t\t\t\t<div class=\"elementor-widget-container\">\n\t\t\t\t\t\t\t<div class=\"wd-button-wrapper text-center\" >\n\t\t\t<a class=\"btn btn-style-bordered btn-shape-round btn-size-default btn-color-primary btn-icon-pos-right\"  href=\"https:\/\/naciontequila.com\/products\/tequila-gran-casala-blanco-750-ml?_pos=3&#038;_psq=gran+cas&#038;_ss=e&#038;_v=1.0\" target=\"_blank\">\n\t\t\t\t<span class=\"wd-btn-text\" data-elementor-setting-key=\"text\">\n\t\t\t\t\tTienda Blanco\t\t\t\t<\/span>\n\n\t\t\t\t\t\t\t<\/a>\n\t\t<\/div>\n\t\t\t\t\t\t<\/div>\n\t\t\t\t<\/div>\n\t\t\t\t<div class=\"elementor-element elementor-element-36e2499 elementor-widget elementor-widget-wd_button\" data-id=\"36e2499\" data-element_type=\"widget\" data-widget_type=\"wd_button.default\">\n\t\t\t\t<div class=\"elementor-widget-container\">\n\t\t\t\t\t\t\t<div class=\"wd-button-wrapper text-center\" >\n\t\t\t<a class=\"btn btn-style-bordered btn-shape-round btn-size-default btn-color-primary btn-icon-pos-right\"  href=\"https:\/\/naciontequila.com\/products\/tequila-gran-casala-reposado-750-ml?_pos=1&#038;_psq=gran+casal&#038;_ss=e&#038;_v=1.0\" target=\"_blank\">\n\t\t\t\t<span class=\"wd-btn-text\" data-elementor-setting-key=\"text\">\n\t\t\t\t\tTienda Reposado\t\t\t\t<\/span>\n\n\t\t\t\t\t\t\t<\/a>\n\t\t<\/div>\n\t\t\t\t\t\t<\/div>\n\t\t\t\t<\/div>\n\t\t\t\t<div class=\"elementor-element elementor-element-f1f78fc elementor-widget elementor-widget-wd_button\" data-id=\"f1f78fc\" data-element_type=\"widget\" data-widget_type=\"wd_button.default\">\n\t\t\t\t<div class=\"elementor-widget-container\">\n\t\t\t\t\t\t\t<div class=\"wd-button-wrapper text-center\" >\n\t\t\t<a class=\"btn btn-style-bordered btn-shape-round btn-size-default btn-color-primary btn-icon-pos-right\"  href=\"https:\/\/naciontequila.com\/products\/tequila-gran-casala-blanco-750-ml?_pos=3&#038;_psq=gran+casal&#038;_ss=e&#038;_v=1.0\" target=\"_blank\">\n\t\t\t\t<span class=\"wd-btn-text\" data-elementor-setting-key=\"text\">\n\t\t\t\t\tTienda A\u00f1ejo\t\t\t\t<\/span>\n\n\t\t\t\t\t\t\t<\/a>\n\t\t<\/div>\n\t\t\t\t\t\t<\/div>\n\t\t\t\t<\/div>\n\t\t\t\t<\/div>\n\t\t\t\t<\/div>\n\t\t\t\t\t<\/div>\n\t\t\t\t<\/div>\n\t\t\t\t<\/div>\n\t\t\t\t<\/div>\n\t\t","protected":false},"excerpt":{"rendered":"<p>Comprar M\u00e9xico Compra en la tienda oficial de Gran Casal\u00e1 M\u00e9xico Tienda Blanco Tienda Reposado Tienda A\u00f1ejo Tienda Blanco Tienda<\/p>\n","protected":false},"author":2,"featured_media":0,"parent":0,"menu_order":0,"comment_status":"closed","ping_status":"closed","template":"","meta":{"footnotes":""},"class_list":["post-30030","page","type-page","status-publish","hentry"],"_hostinger_reach_plugin_has_subscription_block":false,"_hostinger_reach_plugin_is_elementor":false,"_links":{"self":[{"href":"https:\/\/grancasala.com\/es\/wp-json\/wp\/v2\/pages\/30030","targetHints":{"allow":["GET"]}}],"collection":[{"href":"https:\/\/grancasala.com\/es\/wp-json\/wp\/v2\/pages"}],"about":[{"href":"https:\/\/grancasala.com\/es\/wp-json\/wp\/v2\/types\/page"}],"author":[{"embeddable":true,"href":"https:\/\/grancasala.com\/es\/wp-json\/wp\/v2\/users\/2"}],"replies":[{"embeddable":true,"href":"https:\/\/grancasala.com\/es\/wp-json\/wp\/v2\/comments?post=30030"}],"version-history":[{"count":36,"href":"https:\/\/grancasala.com\/es\/wp-json\/wp\/v2\/pages\/30030\/revisions"}],"predecessor-version":[{"id":31661,"href":"https:\/\/grancasala.com\/es\/wp-json\/wp\/v2\/pages\/30030\/revisions\/31661"}],"wp:attachment":[{"href":"https:\/\/grancasala.com\/es\/wp-json\/wp\/v2\/media?parent=30030"}],"curies":[{"name":"wp","href":"https:\/\/api.w.org\/{rel}","templated":true}]}}